
{"id":3883,"date":"2019-04-16T13:09:25","date_gmt":"2019-04-16T11:09:25","guid":{"rendered":"https:\/\/ho36.com\/?page_id=3883"},"modified":"2026-02-17T14:14:46","modified_gmt":"2026-02-17T13:14:46","slug":"conditions-generales-dutilisation","status":"publish","type":"page","link":"https:\/\/ho36lyon.com\/nl\/algemene-gebruiksvoorwaarden\/","title":{"rendered":"Gebruiksvoorwaarden"},"content":{"rendered":"<h2><b>Gebruiksvoorwaarden van de site<\/b><\/h2>\n<h3>ARTIKEL 1: Doel<\/h3>\nHet doel van deze \"algemene gebruiksvoorwaarden\" is een juridisch kader te bieden voor het gebruik van de website http:\/\/hocomnr.cluster023.hosting.ovh.net en zijn diensten.\r\n\r\nDeze overeenkomst wordt gesloten tussen :\r\n\r\nDe beheerder van de website, hierna te noemen \"de uitgever\",\r\n\r\nElke natuurlijke of rechtspersoon die toegang wenst tot de website en zijn diensten, hierna \"de gebruiker\" genoemd.\r\n\r\nDe algemene gebruiksvoorwaarden moeten door elke Gebruiker worden aanvaard, en de toegang tot de website impliceert de aanvaarding van deze voorwaarden.\n<h3>ARTIKEL 2: Wettelijke kennisgeving<\/h3>\nDe website https:\/\/ho36lyon.com wordt gepubliceerd door ho36 developpement, een SAS met kapitaal van <span style=\"font-size: inherit; font-style: inherit; letter-spacing: inherit;\">85 411,96<\/span>\u20ac, met maatschappelijke zetel te 7 rue de Chartres, 92200 Neuilly-sur-seine.\r\n\r\nDe vennootschap wordt vertegenwoordigd door haar voorzitter.\n<h3>ARTIKEL 3: Toegang tot diensten<\/h3>\nElke Gebruiker met toegang tot het Internet kan de Site gratis en van overal bezoeken. De door de Gebruiker gemaakte kosten voor toegang tot de Site (internetverbinding, computerapparatuur, enz.) vallen niet onder de verantwoordelijkheid van de Uitgever.\r\n\r\nDe site en de verschillende diensten ervan kunnen door de Uitgever worden onderbroken of opgeschort, met name voor onderhoudsdoeleinden, zonder voorafgaande kennisgeving of rechtvaardiging.\n<h3>ARTIKEL 4: Verantwoordelijkheid van de gebruiker<\/h3>\nGebruikers zijn volledig verantwoordelijk voor hun gebruik van de informatie en inhoud op de website https:\/\/ho36lyon.com.\r\n\r\nElk gebruik van de service door de gebruiker dat direct of indirect tot schade leidt, moet worden vergoed ten gunste van de site.\n<h3>ARTIKEL 5: Aansprakelijkheid van de uitgever<\/h3>\nDe Uitgever kan niet aansprakelijk worden gesteld voor eventuele storingen van de server of het netwerk.\r\n\r\nDe site kan evenmin aansprakelijk worden gesteld in geval van overmacht of een onvoorziene en onoverkomelijke daad van een derde.\r\n\r\nDe site http:\/\/hocomnr.cluster023.hosting.ovh.net verbindt zich ertoe alle nodige middelen in te zetten om de veiligheid en de vertrouwelijkheid van de gegevens te garanderen. Hij garandeert echter geen totale veiligheid.\r\n\r\nDe uitgever behoudt zich het recht voor de betrouwbaarheid van de bronnen niet te garanderen, hoewel de op de site gepubliceerde informatie betrouwbaar wordt geacht.\n<h3>ARTIKEL 6: Intellectuele eigendom<\/h3>\nDe inhoud van de website https:\/\/ho36hostels.com (logo's, teksten, grafische elementen, video's, enz.) wordt beschermd door het auteursrecht volgens de wet op de intellectuele eigendom.\r\n\r\nDe gebruiker moet de toestemming van de uitgever van de site verkrijgen alvorens deze inhoud te reproduceren, te kopi\u00ebren of te publiceren.\r\n\r\nDeze inhoud mag door de gebruiker voor priv\u00e9doeleinden worden gebruikt; elk commercieel gebruik is verboden.\r\n\r\nDe gebruiker is volledig verantwoordelijk voor de inhoud die hij\/zij online zet en verbindt zich ertoe derden geen schade te berokkenen.\n<h3>ARTIKEL 7: Persoonsgegevens<\/h3>\nHet e-mailadres van de gebruiker kan door http:\/\/hocomnr.cluster023.hosting.ovh.net worden gebruikt om diverse informatie mee te delen en de account te beheren.\r\n\r\nDe site garandeert de eerbiediging van het priv\u00e9-leven van de gebruiker, overeenkomstig de wet nr. 78-17 van 6 januari 1978 betreffende de verwerking van gegevens, bestanden en vrijheid.\r\n\r\nOvereenkomstig de artikelen 39 en 40 van de wet van 6 januari 1978 heeft de Gebruiker het recht van toegang, rectificatie, verwijdering en verzet van zijn persoonsgegevens. De Gebruiker kan dit recht uitoefenen via :\n<ul>\n \t<li>Een contactformulier;<\/li>\n \t<li>Par mail \u00e0 hello@ho36lyon.com ;<\/li>\n \t<li>Per post naar 7 rue de Chartres, 92200 Neuilly-sur-seine.<\/li>\n<\/ul>\n<h3>ARTIKEL 8: Hyperlinks<\/h3>\nDe uitgever van https:\/\/ho36lyon.com is niet verantwoordelijk voor de domeinen waarnaar de hyperlinks op de site leiden en heeft geen controle over deze links.\r\n\r\nHet is mogelijk voor een derde partij om een link te cre\u00ebren naar een pagina op de https:\/\/ho36lyon.com site zonder de uitdrukkelijke toestemming van de uitgever.\n<h3>ARTIKEL 9: Ontwikkeling van de algemene gebruiksvoorwaarden<\/h3>\nDe website https:\/\/ho36lyon.com behoudt zich het recht voor om de bepalingen van deze algemene gebruiksvoorwaarden op elk moment en zonder rechtvaardiging te wijzigen.\n<h3>ARTIKEL 10: Duur van het contract<\/h3>\nDe duur van dit contract is onbepaald. Het contract treedt ten aanzien van de Gebruiker in werking vanaf het begin van het gebruik van de dienst.\n<h3>ARTIKEL 11: Toepasselijk recht en jurisdictie<\/h3>\nOp dit contract is het Franse recht van toepassing.<span class=\"Apple-converted-space\">\u00a0<\/span>\n\nIn geval van een geschil tussen de gebruiker en de uitgever dat niet in der minne kan worden geschikt, zijn de rechtbanken van Lyon bevoegd om het geschil te beslechten.","protected":false},"excerpt":{"rendered":"<p>Conditions g\u00e9n\u00e9rales d&rsquo;utilisation du site ARTICLE 1 : Objet Les pr\u00e9sentes \u00ab conditions g\u00e9n\u00e9rales d&rsquo;utilisation \u00bb ont pour objet l&rsquo;encadrement juridique de l\u2019utilisation du site https:\/\/ho36lyon.com et de ses services. Ce contrat est conclu entre : Le g\u00e9rant du site [&hellip;]<\/p>\n","protected":false},"author":1,"featured_media":0,"parent":0,"menu_order":0,"comment_status":"closed","ping_status":"closed","template":"","meta":{"footnotes":""},"class_list":["post-3883","page","type-page","status-publish","hentry"],"acf":[],"yoast_head":"<!-- This site is optimized with the Yoast SEO plugin v27.4 - https:\/\/yoast.com\/product\/yoast-seo-wordpress\/ -->\n<title>Conditions g\u00e9n\u00e9rales d&#039;utilisation - HO36 HOSTEL - LYON<\/title>\n<meta name=\"description\" content=\"Pour plus d&#039;informations, nous vous invitons \u00e0 lire les conditions g\u00e9n\u00e9rales d&#039;utilisation de nos h\u00f4tels ho36.\" \/>\n<meta name=\"robots\" content=\"index, follow, max-snippet:-1, max-image-preview:large, max-video-preview:-1\" \/>\n<link rel=\"canonical\" href=\"https:\/\/ho36lyon.com\/nl\/algemene-gebruiksvoorwaarden\/\" \/>\n<meta property=\"og:locale\" content=\"nl_NL\" \/>\n<meta property=\"og:type\" content=\"article\" \/>\n<meta property=\"og:title\" content=\"Conditions g\u00e9n\u00e9rales d&#039;utilisation - HO36 HOSTEL - LYON\" \/>\n<meta property=\"og:description\" content=\"Pour plus d&#039;informations, nous vous invitons \u00e0 lire les conditions g\u00e9n\u00e9rales d&#039;utilisation de nos h\u00f4tels ho36.\" \/>\n<meta property=\"og:url\" content=\"https:\/\/ho36lyon.com\/nl\/algemene-gebruiksvoorwaarden\/\" \/>\n<meta property=\"og:site_name\" content=\"HO36 HOSTEL - LYON\" \/>\n<meta property=\"article:modified_time\" content=\"2026-02-17T13:14:46+00:00\" \/>\n<meta name=\"twitter:card\" content=\"summary_large_image\" \/>\n<meta name=\"twitter:label1\" content=\"Geschatte leestijd\" \/>\n\t<meta name=\"twitter:data1\" content=\"4 minuten\" \/>\n<script type=\"application\/ld+json\" class=\"yoast-schema-graph\">{\"@context\":\"https:\\\/\\\/schema.org\",\"@graph\":[{\"@type\":\"WebPage\",\"@id\":\"https:\\\/\\\/ho36lyon.com\\\/conditions-generales-dutilisation\\\/\",\"url\":\"https:\\\/\\\/ho36lyon.com\\\/conditions-generales-dutilisation\\\/\",\"name\":\"Conditions g\u00e9n\u00e9rales d'utilisation - HO36 HOSTEL - LYON\",\"isPartOf\":{\"@id\":\"https:\\\/\\\/ho36lyon.com\\\/#website\"},\"datePublished\":\"2019-04-16T11:09:25+00:00\",\"dateModified\":\"2026-02-17T13:14:46+00:00\",\"description\":\"Pour plus d'informations, nous vous invitons \u00e0 lire les conditions g\u00e9n\u00e9rales d'utilisation de nos h\u00f4tels ho36.\",\"breadcrumb\":{\"@id\":\"https:\\\/\\\/ho36lyon.com\\\/conditions-generales-dutilisation\\\/#breadcrumb\"},\"inLanguage\":\"nl-NL\",\"potentialAction\":[{\"@type\":\"ReadAction\",\"target\":[\"https:\\\/\\\/ho36lyon.com\\\/conditions-generales-dutilisation\\\/\"]}]},{\"@type\":\"BreadcrumbList\",\"@id\":\"https:\\\/\\\/ho36lyon.com\\\/conditions-generales-dutilisation\\\/#breadcrumb\",\"itemListElement\":[{\"@type\":\"ListItem\",\"position\":1,\"name\":\"Accueil\",\"item\":\"https:\\\/\\\/ho36lyon.com\\\/\"},{\"@type\":\"ListItem\",\"position\":2,\"name\":\"Conditions g\u00e9n\u00e9rales d&rsquo;utilisation\"}]},{\"@type\":\"WebSite\",\"@id\":\"https:\\\/\\\/ho36lyon.com\\\/#website\",\"url\":\"https:\\\/\\\/ho36lyon.com\\\/\",\"name\":\"HO36 HOSTEL - LYON\",\"description\":\"Eat - drink - live - sleep\",\"publisher\":{\"@id\":\"https:\\\/\\\/ho36lyon.com\\\/#organization\"},\"potentialAction\":[{\"@type\":\"SearchAction\",\"target\":{\"@type\":\"EntryPoint\",\"urlTemplate\":\"https:\\\/\\\/ho36lyon.com\\\/?s={search_term_string}\"},\"query-input\":{\"@type\":\"PropertyValueSpecification\",\"valueRequired\":true,\"valueName\":\"search_term_string\"}}],\"inLanguage\":\"nl-NL\"},{\"@type\":\"Organization\",\"@id\":\"https:\\\/\\\/ho36lyon.com\\\/#organization\",\"name\":\"ho36\",\"url\":\"https:\\\/\\\/ho36lyon.com\\\/\",\"logo\":{\"@type\":\"ImageObject\",\"inLanguage\":\"nl-NL\",\"@id\":\"https:\\\/\\\/ho36lyon.com\\\/#\\\/schema\\\/logo\\\/image\\\/\",\"url\":\"https:\\\/\\\/ho36lyon.com\\\/wp-content\\\/uploads\\\/2022\\\/07\\\/logo-ho36seul-noir.png\",\"contentUrl\":\"https:\\\/\\\/ho36lyon.com\\\/wp-content\\\/uploads\\\/2022\\\/07\\\/logo-ho36seul-noir.png\",\"width\":2916,\"height\":898,\"caption\":\"ho36\"},\"image\":{\"@id\":\"https:\\\/\\\/ho36lyon.com\\\/#\\\/schema\\\/logo\\\/image\\\/\"}}]}<\/script>\n<!-- \/ Yoast SEO plugin. -->","yoast_head_json":{"title":"Algemene voorwaarden - HO36 HOSTEL - LYON","description":"Lees voor meer informatie de algemene gebruiksvoorwaarden van onze ho36 hotels.","robots":{"index":"index","follow":"follow","max-snippet":"max-snippet:-1","max-image-preview":"max-image-preview:large","max-video-preview":"max-video-preview:-1"},"canonical":"https:\/\/ho36lyon.com\/nl\/algemene-gebruiksvoorwaarden\/","og_locale":"nl_NL","og_type":"article","og_title":"Conditions g\u00e9n\u00e9rales d'utilisation - HO36 HOSTEL - LYON","og_description":"Pour plus d'informations, nous vous invitons \u00e0 lire les conditions g\u00e9n\u00e9rales d'utilisation de nos h\u00f4tels ho36.","og_url":"https:\/\/ho36lyon.com\/nl\/algemene-gebruiksvoorwaarden\/","og_site_name":"HO36 HOSTEL - LYON","article_modified_time":"2026-02-17T13:14:46+00:00","twitter_card":"summary_large_image","twitter_misc":{"Geschatte leestijd":"4 minuten"},"schema":{"@context":"https:\/\/schema.org","@graph":[{"@type":"WebPage","@id":"https:\/\/ho36lyon.com\/conditions-generales-dutilisation\/","url":"https:\/\/ho36lyon.com\/conditions-generales-dutilisation\/","name":"Algemene voorwaarden - HO36 HOSTEL - LYON","isPartOf":{"@id":"https:\/\/ho36lyon.com\/#website"},"datePublished":"2019-04-16T11:09:25+00:00","dateModified":"2026-02-17T13:14:46+00:00","description":"Lees voor meer informatie de algemene gebruiksvoorwaarden van onze ho36 hotels.","breadcrumb":{"@id":"https:\/\/ho36lyon.com\/conditions-generales-dutilisation\/#breadcrumb"},"inLanguage":"nl-NL","potentialAction":[{"@type":"ReadAction","target":["https:\/\/ho36lyon.com\/conditions-generales-dutilisation\/"]}]},{"@type":"BreadcrumbList","@id":"https:\/\/ho36lyon.com\/conditions-generales-dutilisation\/#breadcrumb","itemListElement":[{"@type":"ListItem","position":1,"name":"Accueil","item":"https:\/\/ho36lyon.com\/"},{"@type":"ListItem","position":2,"name":"Conditions g\u00e9n\u00e9rales d&rsquo;utilisation"}]},{"@type":"WebSite","@id":"https:\/\/ho36lyon.com\/#website","url":"https:\/\/ho36lyon.com\/","name":"HOSTEL HO36 - LYON","description":"Eten - drinken - leven - slapen","publisher":{"@id":"https:\/\/ho36lyon.com\/#organization"},"potentialAction":[{"@type":"SearchAction","target":{"@type":"EntryPoint","urlTemplate":"https:\/\/ho36lyon.com\/?s={search_term_string}"},"query-input":{"@type":"PropertyValueSpecification","valueRequired":true,"valueName":"search_term_string"}}],"inLanguage":"nl-NL"},{"@type":"Organization","@id":"https:\/\/ho36lyon.com\/#organization","name":"ho36","url":"https:\/\/ho36lyon.com\/","logo":{"@type":"ImageObject","inLanguage":"nl-NL","@id":"https:\/\/ho36lyon.com\/#\/schema\/logo\/image\/","url":"https:\/\/ho36lyon.com\/wp-content\/uploads\/2022\/07\/logo-ho36seul-noir.png","contentUrl":"https:\/\/ho36lyon.com\/wp-content\/uploads\/2022\/07\/logo-ho36seul-noir.png","width":2916,"height":898,"caption":"ho36"},"image":{"@id":"https:\/\/ho36lyon.com\/#\/schema\/logo\/image\/"}}]}},"_links":{"self":[{"href":"https:\/\/ho36lyon.com\/nl\/wp-json\/wp\/v2\/pages\/3883","targetHints":{"allow":["GET"]}}],"collection":[{"href":"https:\/\/ho36lyon.com\/nl\/wp-json\/wp\/v2\/pages"}],"about":[{"href":"https:\/\/ho36lyon.com\/nl\/wp-json\/wp\/v2\/types\/page"}],"author":[{"embeddable":true,"href":"https:\/\/ho36lyon.com\/nl\/wp-json\/wp\/v2\/users\/1"}],"replies":[{"embeddable":true,"href":"https:\/\/ho36lyon.com\/nl\/wp-json\/wp\/v2\/comments?post=3883"}],"version-history":[{"count":3,"href":"https:\/\/ho36lyon.com\/nl\/wp-json\/wp\/v2\/pages\/3883\/revisions"}],"predecessor-version":[{"id":15716,"href":"https:\/\/ho36lyon.com\/nl\/wp-json\/wp\/v2\/pages\/3883\/revisions\/15716"}],"wp:attachment":[{"href":"https:\/\/ho36lyon.com\/nl\/wp-json\/wp\/v2\/media?parent=3883"}],"curies":[{"name":"wp","href":"https:\/\/api.w.org\/{rel}","templated":true}]}}