
{"id":3773,"date":"2019-04-09T16:53:50","date_gmt":"2019-04-09T14:53:50","guid":{"rendered":"https:\/\/ho36.com\/?page_id=3773"},"modified":"2025-03-20T19:29:07","modified_gmt":"2025-03-20T18:29:07","slug":"chambres","status":"publish","type":"page","link":"https:\/\/ho36lyon.com\/nl\/lyon-guillotiere\/kamers-2\/","title":{"rendered":"Priv\u00e9kamers ho36 Lyon"},"content":{"rendered":"<div class=\"qodef-row-grid-section-wrapper\"  ><div class=\"qodef-row-grid-section\"><div class=\"vc_row wpb_row vc_row-fluid\" ><div class=\"wpb_column vc_column_container vc_col-sm-8\"><div class=\"vc_column-inner\"><div class=\"wpb_wrapper\"><div class=\"qodef-elements-holder   qodef-one-column  qodef-responsive-mode-768\" ><div class=\"qodef-eh-item\"  data-item-class=\"qodef-eh-custom-4138\">\n\t<div class=\"qodef-eh-item-inner\">\n\t\t<div class=\"qodef-eh-item-content qodef-eh-custom-4138\" >\n\t\t\t<div class=\"qodef-image-gallery  qodef-ig-slider-type qodef-no-space  qodef-image-behavior-zoom\">\n\t<div class=\"qodef-ig-slider qodef-owl-slider\" data-number-of-items=\"1\" data-enable-loop=\"yes\" data-enable-autoplay=\"yes\" data-slider-speed=\"5000\" data-slider-speed-animation=\"600\" data-slider-padding=\"no\" data-enable-navigation=\"yes\" data-enable-pagination=\"no\">\n\t\t\t\t\t<div class=\"qodef-ig-image\">\n\t\t\t\t\t\t\t\t\t<img loading=\"lazy\" decoding=\"async\" width=\"1024\" height=\"714\" src=\"https:\/\/ho36lyon.com\/wp-content\/uploads\/2019\/05\/Chambre-ho36-Lyon-2-1024x714.jpg\" class=\"attachment-large size-large\" alt=\"Kamer-ho36-Lyon\" srcset=\"https:\/\/ho36lyon.com\/wp-content\/uploads\/2019\/05\/Chambre-ho36-Lyon-2.jpg 1024w, https:\/\/ho36lyon.com\/wp-content\/uploads\/2019\/05\/Chambre-ho36-Lyon-2-600x418.jpg 600w, https:\/\/ho36lyon.com\/wp-content\/uploads\/2019\/05\/Chambre-ho36-Lyon-2-768x536.jpg 768w, https:\/\/ho36lyon.com\/wp-content\/uploads\/2019\/05\/Chambre-ho36-Lyon-2-300x209.jpg 300w\" sizes=\"auto, (max-width: 1024px) 100vw, 1024px\" \/>\t\t\t\t\t\t\t<\/div>\n\t\t\t\t\t<div class=\"qodef-ig-image\">\n\t\t\t\t\t\t\t\t\t<img loading=\"lazy\" decoding=\"async\" width=\"1024\" height=\"714\" src=\"https:\/\/ho36lyon.com\/wp-content\/uploads\/2019\/05\/Chambre-ho36-Lyon-3-1024x714.jpg\" class=\"attachment-large size-large\" alt=\"Kamer-ho36-Lyon\" srcset=\"https:\/\/ho36lyon.com\/wp-content\/uploads\/2019\/05\/Chambre-ho36-Lyon-3.jpg 1024w, https:\/\/ho36lyon.com\/wp-content\/uploads\/2019\/05\/Chambre-ho36-Lyon-3-600x418.jpg 600w, https:\/\/ho36lyon.com\/wp-content\/uploads\/2019\/05\/Chambre-ho36-Lyon-3-768x536.jpg 768w, https:\/\/ho36lyon.com\/wp-content\/uploads\/2019\/05\/Chambre-ho36-Lyon-3-300x209.jpg 300w\" sizes=\"auto, (max-width: 1024px) 100vw, 1024px\" \/>\t\t\t\t\t\t\t<\/div>\n\t\t\t\t\t<div class=\"qodef-ig-image\">\n\t\t\t\t\t\t\t\t\t<img loading=\"lazy\" decoding=\"async\" width=\"1024\" height=\"714\" src=\"https:\/\/ho36lyon.com\/wp-content\/uploads\/2019\/05\/Chambre-ho36-Lyon-4-1024x714.jpg\" class=\"attachment-large size-large\" alt=\"Kamer-ho36-Lyon\" srcset=\"https:\/\/ho36lyon.com\/wp-content\/uploads\/2019\/05\/Chambre-ho36-Lyon-4.jpg 1024w, https:\/\/ho36lyon.com\/wp-content\/uploads\/2019\/05\/Chambre-ho36-Lyon-4-600x418.jpg 600w, https:\/\/ho36lyon.com\/wp-content\/uploads\/2019\/05\/Chambre-ho36-Lyon-4-768x536.jpg 768w, https:\/\/ho36lyon.com\/wp-content\/uploads\/2019\/05\/Chambre-ho36-Lyon-4-300x209.jpg 300w\" sizes=\"auto, (max-width: 1024px) 100vw, 1024px\" \/>\t\t\t\t\t\t\t<\/div>\n\t\t\t\t\t<div class=\"qodef-ig-image\">\n\t\t\t\t\t\t\t\t\t<img loading=\"lazy\" decoding=\"async\" width=\"1100\" height=\"732\" src=\"https:\/\/ho36lyon.com\/wp-content\/uploads\/2025\/03\/FAM1-2500x1664.jpg\" class=\"attachment-large size-large\" alt=\"\" srcset=\"https:\/\/ho36lyon.com\/wp-content\/uploads\/2025\/03\/FAM1-2500x1664.jpg 2500w, https:\/\/ho36lyon.com\/wp-content\/uploads\/2025\/03\/FAM1-600x399.jpg 600w, https:\/\/ho36lyon.com\/wp-content\/uploads\/2025\/03\/FAM1-768x511.jpg 768w, https:\/\/ho36lyon.com\/wp-content\/uploads\/2025\/03\/FAM1-1536x1023.jpg 1536w, https:\/\/ho36lyon.com\/wp-content\/uploads\/2025\/03\/FAM1-18x12.jpg 18w, https:\/\/ho36lyon.com\/wp-content\/uploads\/2025\/03\/FAM1-24x16.jpg 24w, https:\/\/ho36lyon.com\/wp-content\/uploads\/2025\/03\/FAM1-36x24.jpg 36w, https:\/\/ho36lyon.com\/wp-content\/uploads\/2025\/03\/FAM1-48x32.jpg 48w\" sizes=\"auto, (max-width: 1100px) 100vw, 1100px\" \/>\t\t\t\t\t\t\t<\/div>\n\t\t\t\t\t<div class=\"qodef-ig-image\">\n\t\t\t\t\t\t\t\t\t<img loading=\"lazy\" decoding=\"async\" width=\"1024\" height=\"714\" src=\"https:\/\/ho36lyon.com\/wp-content\/uploads\/2019\/05\/Chambre-ho36-Lyon--1024x714.jpg\" class=\"attachment-large size-large\" alt=\"Kamer-ho36-Lyon\" srcset=\"https:\/\/ho36lyon.com\/wp-content\/uploads\/2019\/05\/Chambre-ho36-Lyon-.jpg 1024w, https:\/\/ho36lyon.com\/wp-content\/uploads\/2019\/05\/Chambre-ho36-Lyon--600x418.jpg 600w, https:\/\/ho36lyon.com\/wp-content\/uploads\/2019\/05\/Chambre-ho36-Lyon--768x536.jpg 768w, https:\/\/ho36lyon.com\/wp-content\/uploads\/2019\/05\/Chambre-ho36-Lyon--300x209.jpg 300w\" sizes=\"auto, (max-width: 1024px) 100vw, 1024px\" \/>\t\t\t\t\t\t\t<\/div>\n\t\t\t<\/div>\n<\/div><div class=\"qodef-accordion-holder qodef-ac-default  qodef-toggle qodef-ac-boxed  clearfix\">\n\t<h5 class=\"qodef-accordion-title\">\n    <span class=\"qodef-accordion-mark\">\n\t\t<span class=\"qodef_icon_plus ion ion-ios-arrow-down\"><\/span>\n\t\t<span class=\"qodef_icon_minus ion ion-ios-arrow-up\"><\/span>\n\t<\/span>\n\t<span class=\"qodef-tab-title\">Wat u moet weten<\/span>\n<\/h5>\n<div class=\"qodef-accordion-content\">\n\t<div class=\"qodef-accordion-content-inner\">\n\t\t\n\t<div class=\"wpb_text_column wpb_content_element  vc_custom_1683122506165\" >\n\t\t<div class=\"wpb_wrapper\">\n\t\t\t<p>- Dieren zijn niet toegestaan.<\/p>\n<p>- We hebben geen lift.<\/p>\n<p>- Annuleringskosten, raadpleeg onze <a href=\"https:\/\/ho36lyon.com\/nl\/lyon-guillotiere\/conditions-generales-de-vente\/\">algemene verkoopvoorwaarden<\/a>.<\/p>\n<p>&nbsp;<\/p>\n<p>\u26a0\ufe0e De kamers hebben geen airconditioning.<\/p>\n\n\t\t<\/div>\n\t<\/div>\n\t<\/div>\n<\/div><\/div>\t\t<\/div>\n\t<\/div>\n<\/div><\/div><\/div><\/div><\/div><div class=\"wpb_column vc_column_container vc_col-sm-4\"><div class=\"vc_column-inner\"><div class=\"wpb_wrapper\"><div class=\"qodef-elements-holder   qodef-one-column  qodef-responsive-mode-768\" ><div class=\"qodef-eh-item\"  data-item-class=\"qodef-eh-custom-5062\" data-680=\"20px 0px 0px 20px\">\n\t<div class=\"qodef-eh-item-inner\">\n\t\t<div class=\"qodef-eh-item-content qodef-eh-custom-5062\" style=\"padding: 0px 0px 0px 25px\">\n\t\t\t<div class=\"qodef-section-title-holder  qodef-st-standard qodef-st-title-left  qodef-st-normal-space\" >\n\t<div class=\"qodef-st-inner\">\n                    <span class=\"qodef-st-subtitle\" >\n                Het hotel            <\/span>\n        \t\t\t\t\t<h2 class=\"qodef-st-title\" >\n\t\t\t\tKamers\r\npriv\u00e9kamers\t\t\t<\/h2>\n\t\t\t\t\t\t\t<p class=\"qodef-st-text\" >\n\t\t\t\tDe ervaring en prijs van een hostel,\r\nhet comfort van een gezellige 4-sterren!\t\t\t<\/p>\n\t\t\t<\/div>\n<\/div>\t\t<\/div>\n\t<\/div>\n<\/div><\/div><div class=\"vc_empty_space\"   style=\"height: 22px\" ><span class=\"vc_empty_space_inner\"><\/span><\/div>\n<div class=\"qodef-elements-holder   qodef-one-column  qodef-responsive-mode-768\" ><div class=\"qodef-eh-item\"  data-item-class=\"qodef-eh-custom-5863\" data-680=\"0px 0px 0px 13px\">\n\t<div class=\"qodef-eh-item-inner\">\n\t\t<div class=\"qodef-eh-item-content qodef-eh-custom-5863\" style=\"padding: 0px 0px 0px 33px\">\n\t\t\t<div class=\"qodef-iwt clearfix  qodef-iwt-icon-left qodef-iwt-icon-tiny\">\n\t<div class=\"qodef-iwt-icon\">\n\t\t\t\t\t\t\t\t\t    <span class=\"qodef-icon-shortcode qodef-normal   qodef-icon-tiny\"  >\n                    <i class=\"qodef-icon-font-awesome fa fa-male qodef-icon-element\" style=\"\" ><\/i>            <\/span>\n\t\t\t\t\t\t<\/div>\n\t<div class=\"qodef-iwt-content\" style=\"padding-left: 22px\">\n\t\t\t\t\t<h5 class=\"qodef-iwt-title\" style=\"margin-top: 8px\">\n\t\t\t\t\t\t\t\t<span class=\"qodef-iwt-title-text\">Van 2 tot 6 personen<\/span>\n\t\t\t\t\t\t\t<\/h5>\n\t\t\t\t\t<\/div>\n<\/div>\t\t<\/div>\n\t<\/div>\n<\/div><\/div><div class=\"vc_empty_space\"   style=\"height: 16px\" ><span class=\"vc_empty_space_inner\"><\/span><\/div>\n<div class=\"qodef-elements-holder   qodef-one-column  qodef-responsive-mode-768\" ><div class=\"qodef-eh-item\"  data-item-class=\"qodef-eh-custom-5202\" data-680=\"0px 0px 0px 5px\">\n\t<div class=\"qodef-eh-item-inner\">\n\t\t<div class=\"qodef-eh-item-content qodef-eh-custom-5202\" style=\"padding: 0px 0px 0px 25px\">\n\t\t\t<div class=\"qodef-iwt clearfix  qodef-iwt-icon-left qodef-iwt-icon-tiny\">\n\t<div class=\"qodef-iwt-icon\">\n\t\t\t\t\t\t\t\t\t    <span class=\"qodef-icon-shortcode qodef-normal   qodef-icon-tiny\"  >\n                    <i class=\"qodef-icon-font-awesome fa fa-bed qodef-icon-element\" style=\"\" ><\/i>            <\/span>\n\t\t\t\t\t\t<\/div>\n\t<div class=\"qodef-iwt-content\" style=\"padding-left: 15px\">\n\t\t\t\t\t<h5 class=\"qodef-iwt-title\" style=\"margin-top: 6px\">\n\t\t\t\t\t\t\t\t<span class=\"qodef-iwt-title-text\">Beddengoed getekend Epeda 4*.<\/span>\n\t\t\t\t\t\t\t<\/h5>\n\t\t\t\t\t<\/div>\n<\/div>\t\t<\/div>\n\t<\/div>\n<\/div><\/div><div class=\"vc_empty_space\"   style=\"height: 16px\" ><span class=\"vc_empty_space_inner\"><\/span><\/div>\n<div class=\"qodef-elements-holder   qodef-one-column  qodef-responsive-mode-768\" ><div class=\"qodef-eh-item\"  data-item-class=\"qodef-eh-custom-6575\" data-680=\"0px 0px 0px 5px\">\n\t<div class=\"qodef-eh-item-inner\">\n\t\t<div class=\"qodef-eh-item-content qodef-eh-custom-6575\" style=\"padding: 3px 0px 0px 25px\">\n\t\t\t<div class=\"qodef-iwt clearfix  qodef-iwt-icon-left qodef-iwt-icon-tiny\">\n\t<div class=\"qodef-iwt-icon\">\n\t\t\t\t\t\t\t\t\t    <span class=\"qodef-icon-shortcode qodef-normal   qodef-icon-tiny\"  >\n                    <i class=\"qodef-icon-font-awesome fa fa-shower qodef-icon-element\" style=\"\" ><\/i>            <\/span>\n\t\t\t\t\t\t<\/div>\n\t<div class=\"qodef-iwt-content\" style=\"padding-left: 13px\">\n\t\t\t\t\t<h5 class=\"qodef-iwt-title\" style=\"margin-top: 8px\">\n\t\t\t\t\t\t\t\t<span class=\"qodef-iwt-title-text\">Priv\u00e9 doucheruimte<\/span>\n\t\t\t\t\t\t\t<\/h5>\n\t\t\t\t\t\t\t<p class=\"qodef-iwt-text\" style=\"margin-top: 0px\">\n                                        Handdoeken, zeep en shampoo aanwezig                            <\/p>\n\t\t\t<\/div>\n<\/div>\t\t<\/div>\n\t<\/div>\n<\/div><\/div><div class=\"vc_empty_space\"   style=\"height: 10px\" ><span class=\"vc_empty_space_inner\"><\/span><\/div>\n<div class=\"qodef-elements-holder   qodef-one-column  qodef-responsive-mode-768\" ><div class=\"qodef-eh-item\"  data-item-class=\"qodef-eh-custom-4588\" data-680=\"0px 0px 0px 5px\">\n\t<div class=\"qodef-eh-item-inner\">\n\t\t<div class=\"qodef-eh-item-content qodef-eh-custom-4588\" style=\"padding: 0px 0px 0px 25px\">\n\t\t\t<div class=\"qodef-iwt clearfix  qodef-iwt-icon-left qodef-iwt-icon-tiny\">\n\t<div class=\"qodef-iwt-icon\">\n\t\t\t\t\t\t\t\t\t    <span class=\"qodef-icon-shortcode qodef-normal   qodef-icon-tiny\"  >\n                    <i class=\"qodef-icon-font-awesome fa fa-wifi qodef-icon-element\" style=\"\" ><\/i>            <\/span>\n\t\t\t\t\t\t<\/div>\n\t<div class=\"qodef-iwt-content\" style=\"padding-left: 14px\">\n\t\t\t\t\t<h5 class=\"qodef-iwt-title\" style=\"margin-top: 10px\">\n\t\t\t\t\t\t\t\t<span class=\"qodef-iwt-title-text\">Gratis WiFi - Geen TV!<\/span>\n\t\t\t\t\t\t\t<\/h5>\n\t\t\t\t\t<\/div>\n<\/div>\t\t<\/div>\n\t<\/div>\n<\/div><\/div><div class=\"vc_empty_space\"   style=\"height: 16px\" ><span class=\"vc_empty_space_inner\"><\/span><\/div>\n<div class=\"qodef-elements-holder   qodef-one-column  qodef-responsive-mode-768\" ><div class=\"qodef-eh-item\"  data-item-class=\"qodef-eh-custom-8716\" data-680=\"0px 0px 0px 20px\">\n\t<div class=\"qodef-eh-item-inner\">\n\t\t<div class=\"qodef-eh-item-content qodef-eh-custom-8716\" style=\"padding: 0px 0px 0px 25px\">\n\t\t\t\n\t<div class=\"wpb_text_column wpb_content_element\" >\n\t\t<div class=\"wpb_wrapper\">\n\t\t\t<p>Drie categorie\u00ebn kamers:<\/p>\n<ul>\n<li>Ho My God (tweepersoonsbed)<\/li>\n<li>Ho Sweet Home (tweepersoonsbed)<\/li>\n<li>De familiekamer (tweepersoonsbed + twee stapelbedden)<\/li>\n<\/ul>\n<p><strong>Vanaf \u20ac69\/nacht <\/strong>(exclusief toeristenbelasting)<\/p>\n\n\t\t<\/div>\n\t<\/div>\n<div class=\"vc_empty_space\"   style=\"height: 25px\" ><span class=\"vc_empty_space_inner\"><\/span><\/div>\n\n\t<div class=\"wpb_text_column wpb_content_element\" >\n\t\t<div class=\"wpb_wrapper\">\n\t\t\t \r\n\r\n\t\t<div class=\"distrib\">\r\n\t\t\t<a data-token=\"69f0cf0109424\" class=\"qodef-btn qodef-btn-medium qodef-btn-solid mews-button\">\r\n\t\t\t\t<span class=\"qodef-btn-text-wrapper\">\t\r\n\t\t\t\t\t<span class=\"qodef-btn-text\">Boek<\/span>\r\n\t\t\t\t<\/span>\r\n\t\t\t\t<span class=\"qodef-btn-bgrnd-wrapper\">\r\n\t\t\t\t\t<span class=\"qodef-btn-bgrnd-idle\"><\/span>\r\n\t\t\t\t\t<span class=\"qodef-btn-bgrnd-hover\"><\/span>\r\n\t\t\t\t<\/span>\r\n\t\t\t<\/a>\r\n\t\t\t<\/div>\r\n\t\t\r\n\t\n\n\t\t<\/div>\n\t<\/div>\n\n\t<div class=\"wpb_text_column wpb_content_element\" >\n\t\t<div class=\"wpb_wrapper\">\n\t\t\t<p><a href=\"https:\/\/ho36lyon.com\/nl\/lyon-guillotiere\/\"> \u2190 Terug naar hoofdpagina<\/a><\/p>\n\n\t\t<\/div>\n\t<\/div>\n\t\t<\/div>\n\t<\/div>\n<\/div><\/div><\/div><\/div><\/div><\/div><\/div><\/div><div class=\"vc_row wpb_row vc_row-fluid\" ><div class=\"wpb_column vc_column_container vc_col-sm-12\"><div class=\"vc_column-inner\"><div class=\"wpb_wrapper\"><\/div><\/div><\/div><\/div>","protected":false},"excerpt":{"rendered":"\u00c0 savoir - Les animaux sont interdits. - Nous n'avons pas d'ascenseur. - Frais d'annulation, veuillez consulter nos conditions g\u00e9n\u00e9rales de vente. &nbsp; \u26a0\ufe0e Les chambres ne sont pas climatis\u00e9es. L'h\u00f4tel Chambres privatives L\u2019exp\u00e9rience et le prix d\u2019un hostel, le [...]","protected":false},"author":1,"featured_media":0,"parent":4640,"menu_order":0,"comment_status":"closed","ping_status":"closed","template":"full-width.php","meta":{"footnotes":""},"class_list":["post-3773","page","type-page","status-publish","hentry"],"acf":[],"yoast_head":"<!-- This site is optimized with the Yoast SEO plugin v27.5 - https:\/\/yoast.com\/product\/yoast-seo-wordpress\/ -->\n<title>Les chambres d&#039;h\u00f4tels chez ho36 Lyon Guilloti\u00e8re - HO36 HOSTEL - LYON<\/title>\n<meta name=\"description\" content=\"D\u00e9couvrez nos chambres d&#039;h\u00f4tel tout confort \u00e0 partir de 69\u20ac\/nuit\" \/>\n<meta name=\"robots\" content=\"index, follow, max-snippet:-1, max-image-preview:large, max-video-preview:-1\" \/>\n<link rel=\"canonical\" href=\"https:\/\/ho36lyon.com\/nl\/lyon-guillotiere\/kamers-2\/\" \/>\n<meta property=\"og:locale\" content=\"nl_NL\" \/>\n<meta property=\"og:type\" content=\"article\" \/>\n<meta property=\"og:title\" content=\"Les chambres d&#039;h\u00f4tels chez ho36 Lyon Guilloti\u00e8re - HO36 HOSTEL - LYON\" \/>\n<meta property=\"og:description\" content=\"D\u00e9couvrez nos chambres d&#039;h\u00f4tel tout confort \u00e0 partir de 69\u20ac\/nuit\" \/>\n<meta property=\"og:url\" content=\"https:\/\/ho36lyon.com\/nl\/lyon-guillotiere\/kamers-2\/\" \/>\n<meta property=\"og:site_name\" content=\"HO36 HOSTEL - LYON\" \/>\n<meta property=\"article:modified_time\" content=\"2025-03-20T18:29:07+00:00\" \/>\n<meta name=\"twitter:card\" content=\"summary_large_image\" \/>\n<meta name=\"twitter:label1\" content=\"Geschatte leestijd\" \/>\n\t<meta name=\"twitter:data1\" content=\"2 minuten\" \/>\n<script type=\"application\/ld+json\" class=\"yoast-schema-graph\">{\"@context\":\"https:\\\/\\\/schema.org\",\"@graph\":[{\"@type\":\"WebPage\",\"@id\":\"https:\\\/\\\/ho36lyon.com\\\/lyon-guillotiere\\\/chambres\\\/\",\"url\":\"https:\\\/\\\/ho36lyon.com\\\/lyon-guillotiere\\\/chambres\\\/\",\"name\":\"Les chambres d'h\u00f4tels chez ho36 Lyon Guilloti\u00e8re - HO36 HOSTEL - LYON\",\"isPartOf\":{\"@id\":\"https:\\\/\\\/ho36lyon.com\\\/#website\"},\"datePublished\":\"2019-04-09T14:53:50+00:00\",\"dateModified\":\"2025-03-20T18:29:07+00:00\",\"description\":\"D\u00e9couvrez nos chambres d'h\u00f4tel tout confort \u00e0 partir de 69\u20ac\\\/nuit\",\"breadcrumb\":{\"@id\":\"https:\\\/\\\/ho36lyon.com\\\/lyon-guillotiere\\\/chambres\\\/#breadcrumb\"},\"inLanguage\":\"nl-NL\",\"potentialAction\":[{\"@type\":\"ReadAction\",\"target\":[\"https:\\\/\\\/ho36lyon.com\\\/lyon-guillotiere\\\/chambres\\\/\"]}]},{\"@type\":\"BreadcrumbList\",\"@id\":\"https:\\\/\\\/ho36lyon.com\\\/lyon-guillotiere\\\/chambres\\\/#breadcrumb\",\"itemListElement\":[{\"@type\":\"ListItem\",\"position\":1,\"name\":\"Accueil\",\"item\":\"https:\\\/\\\/ho36lyon.com\\\/\"},{\"@type\":\"ListItem\",\"position\":2,\"name\":\"HO36 Hostel Lyon &#8211; Site Officiel &#8211; Meilleurs prix\",\"item\":\"https:\\\/\\\/ho36lyon.com\\\/\"},{\"@type\":\"ListItem\",\"position\":3,\"name\":\"Chambres privatives ho36 Lyon\"}]},{\"@type\":\"WebSite\",\"@id\":\"https:\\\/\\\/ho36lyon.com\\\/#website\",\"url\":\"https:\\\/\\\/ho36lyon.com\\\/\",\"name\":\"HO36 HOSTEL - LYON\",\"description\":\"Eat - drink - live - sleep\",\"publisher\":{\"@id\":\"https:\\\/\\\/ho36lyon.com\\\/#organization\"},\"potentialAction\":[{\"@type\":\"SearchAction\",\"target\":{\"@type\":\"EntryPoint\",\"urlTemplate\":\"https:\\\/\\\/ho36lyon.com\\\/?s={search_term_string}\"},\"query-input\":{\"@type\":\"PropertyValueSpecification\",\"valueRequired\":true,\"valueName\":\"search_term_string\"}}],\"inLanguage\":\"nl-NL\"},{\"@type\":\"Organization\",\"@id\":\"https:\\\/\\\/ho36lyon.com\\\/#organization\",\"name\":\"ho36\",\"url\":\"https:\\\/\\\/ho36lyon.com\\\/\",\"logo\":{\"@type\":\"ImageObject\",\"inLanguage\":\"nl-NL\",\"@id\":\"https:\\\/\\\/ho36lyon.com\\\/#\\\/schema\\\/logo\\\/image\\\/\",\"url\":\"https:\\\/\\\/ho36lyon.com\\\/wp-content\\\/uploads\\\/2022\\\/07\\\/logo-ho36seul-noir.png\",\"contentUrl\":\"https:\\\/\\\/ho36lyon.com\\\/wp-content\\\/uploads\\\/2022\\\/07\\\/logo-ho36seul-noir.png\",\"width\":2916,\"height\":898,\"caption\":\"ho36\"},\"image\":{\"@id\":\"https:\\\/\\\/ho36lyon.com\\\/#\\\/schema\\\/logo\\\/image\\\/\"}}]}<\/script>\n<!-- \/ Yoast SEO plugin. -->","yoast_head_json":{"title":"Hotel kamers bij ho36 Lyon Guilloti\u00e8re - HO36 HOSTEL - LYON","description":"Ontdek onze comfortabele hotelkamers vanaf \u20ac109\/nacht","robots":{"index":"index","follow":"follow","max-snippet":"max-snippet:-1","max-image-preview":"max-image-preview:large","max-video-preview":"max-video-preview:-1"},"canonical":"https:\/\/ho36lyon.com\/nl\/lyon-guillotiere\/kamers-2\/","og_locale":"nl_NL","og_type":"article","og_title":"Les chambres d'h\u00f4tels chez ho36 Lyon Guilloti\u00e8re - HO36 HOSTEL - LYON","og_description":"D\u00e9couvrez nos chambres d'h\u00f4tel tout confort \u00e0 partir de 69\u20ac\/nuit","og_url":"https:\/\/ho36lyon.com\/nl\/lyon-guillotiere\/kamers-2\/","og_site_name":"HO36 HOSTEL - LYON","article_modified_time":"2025-03-20T18:29:07+00:00","twitter_card":"summary_large_image","twitter_misc":{"Geschatte leestijd":"2 minuten"},"schema":{"@context":"https:\/\/schema.org","@graph":[{"@type":"WebPage","@id":"https:\/\/ho36lyon.com\/lyon-guillotiere\/chambres\/","url":"https:\/\/ho36lyon.com\/lyon-guillotiere\/chambres\/","name":"Hotel kamers bij ho36 Lyon Guilloti\u00e8re - HO36 HOSTEL - LYON","isPartOf":{"@id":"https:\/\/ho36lyon.com\/#website"},"datePublished":"2019-04-09T14:53:50+00:00","dateModified":"2025-03-20T18:29:07+00:00","description":"Ontdek onze comfortabele hotelkamers vanaf \u20ac109\/nacht","breadcrumb":{"@id":"https:\/\/ho36lyon.com\/lyon-guillotiere\/chambres\/#breadcrumb"},"inLanguage":"nl-NL","potentialAction":[{"@type":"ReadAction","target":["https:\/\/ho36lyon.com\/lyon-guillotiere\/chambres\/"]}]},{"@type":"BreadcrumbList","@id":"https:\/\/ho36lyon.com\/lyon-guillotiere\/chambres\/#breadcrumb","itemListElement":[{"@type":"ListItem","position":1,"name":"Accueil","item":"https:\/\/ho36lyon.com\/"},{"@type":"ListItem","position":2,"name":"HO36 Hostel Lyon &#8211; Site Officiel &#8211; Meilleurs prix","item":"https:\/\/ho36lyon.com\/"},{"@type":"ListItem","position":3,"name":"Chambres privatives ho36 Lyon"}]},{"@type":"WebSite","@id":"https:\/\/ho36lyon.com\/#website","url":"https:\/\/ho36lyon.com\/","name":"HOSTEL HO36 - LYON","description":"Eten - drinken - leven - slapen","publisher":{"@id":"https:\/\/ho36lyon.com\/#organization"},"potentialAction":[{"@type":"SearchAction","target":{"@type":"EntryPoint","urlTemplate":"https:\/\/ho36lyon.com\/?s={search_term_string}"},"query-input":{"@type":"PropertyValueSpecification","valueRequired":true,"valueName":"search_term_string"}}],"inLanguage":"nl-NL"},{"@type":"Organization","@id":"https:\/\/ho36lyon.com\/#organization","name":"ho36","url":"https:\/\/ho36lyon.com\/","logo":{"@type":"ImageObject","inLanguage":"nl-NL","@id":"https:\/\/ho36lyon.com\/#\/schema\/logo\/image\/","url":"https:\/\/ho36lyon.com\/wp-content\/uploads\/2022\/07\/logo-ho36seul-noir.png","contentUrl":"https:\/\/ho36lyon.com\/wp-content\/uploads\/2022\/07\/logo-ho36seul-noir.png","width":2916,"height":898,"caption":"ho36"},"image":{"@id":"https:\/\/ho36lyon.com\/#\/schema\/logo\/image\/"}}]}},"_links":{"self":[{"href":"https:\/\/ho36lyon.com\/nl\/wp-json\/wp\/v2\/pages\/3773","targetHints":{"allow":["GET"]}}],"collection":[{"href":"https:\/\/ho36lyon.com\/nl\/wp-json\/wp\/v2\/pages"}],"about":[{"href":"https:\/\/ho36lyon.com\/nl\/wp-json\/wp\/v2\/types\/page"}],"author":[{"embeddable":true,"href":"https:\/\/ho36lyon.com\/nl\/wp-json\/wp\/v2\/users\/1"}],"replies":[{"embeddable":true,"href":"https:\/\/ho36lyon.com\/nl\/wp-json\/wp\/v2\/comments?post=3773"}],"version-history":[{"count":2,"href":"https:\/\/ho36lyon.com\/nl\/wp-json\/wp\/v2\/pages\/3773\/revisions"}],"predecessor-version":[{"id":15703,"href":"https:\/\/ho36lyon.com\/nl\/wp-json\/wp\/v2\/pages\/3773\/revisions\/15703"}],"up":[{"embeddable":true,"href":"https:\/\/ho36lyon.com\/nl\/wp-json\/wp\/v2\/pages\/4640"}],"wp:attachment":[{"href":"https:\/\/ho36lyon.com\/nl\/wp-json\/wp\/v2\/media?parent=3773"}],"curies":[{"name":"wp","href":"https:\/\/api.w.org\/{rel}","templated":true}]}}