
{"id":3756,"date":"2019-04-09T16:38:11","date_gmt":"2019-04-09T14:38:11","guid":{"rendered":"https:\/\/ho36.com\/?page_id=3756"},"modified":"2025-03-20T19:33:16","modified_gmt":"2025-03-20T18:33:16","slug":"dortoirs","status":"publish","type":"page","link":"https:\/\/ho36lyon.com\/nl\/lyon-guillotiere\/slaapzalen-2\/","title":{"rendered":"Slaapzalen ho36 Lyon Guilloti\u00e8re"},"content":{"rendered":"<div class=\"qodef-row-grid-section-wrapper\"  ><div class=\"qodef-row-grid-section\"><div class=\"vc_row wpb_row vc_row-fluid\" ><div class=\"wpb_column vc_column_container vc_col-sm-8\"><div class=\"vc_column-inner\"><div class=\"wpb_wrapper\"><div class=\"qodef-elements-holder   qodef-one-column  qodef-responsive-mode-768\" ><div class=\"qodef-eh-item\"  data-item-class=\"qodef-eh-custom-1460\">\n\t<div class=\"qodef-eh-item-inner\">\n\t\t<div class=\"qodef-eh-item-content qodef-eh-custom-1460\" >\n\t\t\t<div class=\"qodef-image-gallery  qodef-ig-slider-type qodef-no-space  qodef-image-behavior-zoom\">\n\t<div class=\"qodef-ig-slider qodef-owl-slider\" data-number-of-items=\"1\" data-enable-loop=\"yes\" data-enable-autoplay=\"yes\" data-slider-speed=\"5000\" data-slider-speed-animation=\"600\" data-slider-padding=\"no\" data-enable-navigation=\"yes\" data-enable-pagination=\"no\">\n\t\t\t\t\t<div class=\"qodef-ig-image\">\n\t\t\t\t\t\t\t\t\t<img loading=\"lazy\" decoding=\"async\" width=\"1100\" height=\"732\" src=\"https:\/\/ho36lyon.com\/wp-content\/uploads\/2025\/03\/DUO3-2500x1663.jpg\" class=\"attachment-large size-large\" alt=\"\" srcset=\"https:\/\/ho36lyon.com\/wp-content\/uploads\/2025\/03\/DUO3-2500x1663.jpg 2500w, https:\/\/ho36lyon.com\/wp-content\/uploads\/2025\/03\/DUO3-600x399.jpg 600w, https:\/\/ho36lyon.com\/wp-content\/uploads\/2025\/03\/DUO3-768x511.jpg 768w, https:\/\/ho36lyon.com\/wp-content\/uploads\/2025\/03\/DUO3-1536x1022.jpg 1536w, https:\/\/ho36lyon.com\/wp-content\/uploads\/2025\/03\/DUO3-18x12.jpg 18w, https:\/\/ho36lyon.com\/wp-content\/uploads\/2025\/03\/DUO3-24x16.jpg 24w, https:\/\/ho36lyon.com\/wp-content\/uploads\/2025\/03\/DUO3-36x24.jpg 36w, https:\/\/ho36lyon.com\/wp-content\/uploads\/2025\/03\/DUO3-48x32.jpg 48w\" sizes=\"auto, (max-width: 1100px) 100vw, 1100px\" \/>\t\t\t\t\t\t\t<\/div>\n\t\t\t\t\t<div class=\"qodef-ig-image\">\n\t\t\t\t\t\t\t\t\t<img loading=\"lazy\" decoding=\"async\" width=\"1100\" height=\"735\" src=\"https:\/\/ho36lyon.com\/wp-content\/uploads\/2025\/03\/DORM3-2500x1671.jpg\" class=\"attachment-large size-large\" alt=\"\" srcset=\"https:\/\/ho36lyon.com\/wp-content\/uploads\/2025\/03\/DORM3-2500x1671.jpg 2500w, https:\/\/ho36lyon.com\/wp-content\/uploads\/2025\/03\/DORM3-600x401.jpg 600w, https:\/\/ho36lyon.com\/wp-content\/uploads\/2025\/03\/DORM3-768x513.jpg 768w, https:\/\/ho36lyon.com\/wp-content\/uploads\/2025\/03\/DORM3-1536x1027.jpg 1536w, https:\/\/ho36lyon.com\/wp-content\/uploads\/2025\/03\/DORM3-18x12.jpg 18w, https:\/\/ho36lyon.com\/wp-content\/uploads\/2025\/03\/DORM3-24x16.jpg 24w, https:\/\/ho36lyon.com\/wp-content\/uploads\/2025\/03\/DORM3-36x24.jpg 36w, https:\/\/ho36lyon.com\/wp-content\/uploads\/2025\/03\/DORM3-48x32.jpg 48w\" sizes=\"auto, (max-width: 1100px) 100vw, 1100px\" \/>\t\t\t\t\t\t\t<\/div>\n\t\t\t\t\t<div class=\"qodef-ig-image\">\n\t\t\t\t\t\t\t\t\t<img loading=\"lazy\" decoding=\"async\" width=\"1100\" height=\"733\" src=\"https:\/\/ho36lyon.com\/wp-content\/uploads\/2025\/03\/DORM2-2500x1667.jpg\" class=\"attachment-large size-large\" alt=\"\" srcset=\"https:\/\/ho36lyon.com\/wp-content\/uploads\/2025\/03\/DORM2-2500x1667.jpg 2500w, https:\/\/ho36lyon.com\/wp-content\/uploads\/2025\/03\/DORM2-600x400.jpg 600w, https:\/\/ho36lyon.com\/wp-content\/uploads\/2025\/03\/DORM2-768x512.jpg 768w, https:\/\/ho36lyon.com\/wp-content\/uploads\/2025\/03\/DORM2-1536x1024.jpg 1536w, https:\/\/ho36lyon.com\/wp-content\/uploads\/2025\/03\/DORM2-18x12.jpg 18w, https:\/\/ho36lyon.com\/wp-content\/uploads\/2025\/03\/DORM2-24x16.jpg 24w, https:\/\/ho36lyon.com\/wp-content\/uploads\/2025\/03\/DORM2-36x24.jpg 36w, https:\/\/ho36lyon.com\/wp-content\/uploads\/2025\/03\/DORM2-48x32.jpg 48w\" sizes=\"auto, (max-width: 1100px) 100vw, 1100px\" \/>\t\t\t\t\t\t\t<\/div>\n\t\t\t\t\t<div class=\"qodef-ig-image\">\n\t\t\t\t\t\t\t\t\t<img loading=\"lazy\" decoding=\"async\" width=\"1100\" height=\"733\" src=\"https:\/\/ho36lyon.com\/wp-content\/uploads\/2025\/03\/DORM5-2500x1666.jpg\" class=\"attachment-large size-large\" alt=\"\" srcset=\"https:\/\/ho36lyon.com\/wp-content\/uploads\/2025\/03\/DORM5-2500x1666.jpg 2500w, https:\/\/ho36lyon.com\/wp-content\/uploads\/2025\/03\/DORM5-600x400.jpg 600w, https:\/\/ho36lyon.com\/wp-content\/uploads\/2025\/03\/DORM5-768x512.jpg 768w, https:\/\/ho36lyon.com\/wp-content\/uploads\/2025\/03\/DORM5-1536x1023.jpg 1536w, https:\/\/ho36lyon.com\/wp-content\/uploads\/2025\/03\/DORM5-18x12.jpg 18w, https:\/\/ho36lyon.com\/wp-content\/uploads\/2025\/03\/DORM5-24x16.jpg 24w, https:\/\/ho36lyon.com\/wp-content\/uploads\/2025\/03\/DORM5-36x24.jpg 36w, https:\/\/ho36lyon.com\/wp-content\/uploads\/2025\/03\/DORM5-48x32.jpg 48w\" sizes=\"auto, (max-width: 1100px) 100vw, 1100px\" \/>\t\t\t\t\t\t\t<\/div>\n\t\t\t\t\t<div class=\"qodef-ig-image\">\n\t\t\t\t\t\t\t\t\t<img loading=\"lazy\" decoding=\"async\" width=\"1024\" height=\"714\" src=\"https:\/\/ho36lyon.com\/wp-content\/uploads\/2019\/05\/Dortoirs-ho36-Lyon-6-1024x714.jpg\" class=\"attachment-large size-large\" alt=\"Slaapzalen-ho36-Lyon\" srcset=\"https:\/\/ho36lyon.com\/wp-content\/uploads\/2019\/05\/Dortoirs-ho36-Lyon-6-1024x714.jpg 1024w, https:\/\/ho36lyon.com\/wp-content\/uploads\/2019\/05\/Dortoirs-ho36-Lyon-6-600x418.jpg 600w, https:\/\/ho36lyon.com\/wp-content\/uploads\/2019\/05\/Dortoirs-ho36-Lyon-6-768x535.jpg 768w, https:\/\/ho36lyon.com\/wp-content\/uploads\/2019\/05\/Dortoirs-ho36-Lyon-6-300x209.jpg 300w, https:\/\/ho36lyon.com\/wp-content\/uploads\/2019\/05\/Dortoirs-ho36-Lyon-6.jpg 1300w\" sizes=\"auto, (max-width: 1024px) 100vw, 1024px\" \/>\t\t\t\t\t\t\t<\/div>\n\t\t\t<\/div>\n<\/div><div class=\"qodef-accordion-holder qodef-ac-default  qodef-toggle qodef-ac-boxed  clearfix\">\n\t<h5 class=\"qodef-accordion-title\">\n    <span class=\"qodef-accordion-mark\">\n\t\t<span class=\"qodef_icon_plus ion ion-ios-arrow-down\"><\/span>\n\t\t<span class=\"qodef_icon_minus ion ion-ios-arrow-up\"><\/span>\n\t<\/span>\n\t<span class=\"qodef-tab-title\">Wat u moet weten<\/span>\n<\/h5>\n<div class=\"qodef-accordion-content\">\n\t<div class=\"qodef-accordion-content-inner\">\n\t\t\n\t<div class=\"wpb_text_column wpb_content_element  vc_custom_1683122342415\" >\n\t\t<div class=\"wpb_wrapper\">\n\t\t\t<p>- Dieren zijn niet toegestaan.<\/p>\n<p>- We hebben geen lift.<\/p>\n<p>- Annuleringskosten, raadpleeg onze <a href=\"https:\/\/ho36lyon.com\/nl\/lyon-guillotiere\/conditions-generales-de-vente\/\">algemene verkoopvoorwaarden<\/a>.<\/p>\n<p>&nbsp;<\/p>\n<p>\u26a0\ufe0e De slaapzalen hebben geen airconditioning.<\/p>\n\n\t\t<\/div>\n\t<\/div>\n\t<\/div>\n<\/div><\/div>\t\t<\/div>\n\t<\/div>\n<\/div><\/div><\/div><\/div><\/div><div class=\"wpb_column vc_column_container vc_col-sm-4\"><div class=\"vc_column-inner\"><div class=\"wpb_wrapper\"><div class=\"qodef-elements-holder   qodef-one-column  qodef-responsive-mode-768\" ><div class=\"qodef-eh-item\"  data-item-class=\"qodef-eh-custom-2160\" data-680=\"20px 0px 0px 20px\">\n\t<div class=\"qodef-eh-item-inner\">\n\t\t<div class=\"qodef-eh-item-content qodef-eh-custom-2160\" style=\"padding: 0px 0px 0px 25px\">\n\t\t\t<div class=\"qodef-section-title-holder  qodef-st-standard qodef-st-title-left  qodef-st-normal-space\" >\n\t<div class=\"qodef-st-inner\">\n                    <span class=\"qodef-st-subtitle\" >\n                Slaapzalen            <\/span>\n        \t\t\t\t\t<h2 class=\"qodef-st-title\" >\n\t\t\t\tKamers\r\ngedeeld\t\t\t<\/h2>\n\t\t\t\t\t\t\t<p class=\"qodef-st-text\" >\n\t\t\t\tEen nieuwe generatie jeugdherberg...\r\nvoor alle generaties!\t\t\t<\/p>\n\t\t\t<\/div>\n<\/div>\t\t<\/div>\n\t<\/div>\n<\/div><\/div><div class=\"vc_empty_space\"   style=\"height: 22px\" ><span class=\"vc_empty_space_inner\"><\/span><\/div>\n<div class=\"qodef-elements-holder   qodef-one-column  qodef-responsive-mode-768\" ><div class=\"qodef-eh-item\"  data-item-class=\"qodef-eh-custom-9134\" data-680=\"0px 0px 0px 13px\">\n\t<div class=\"qodef-eh-item-inner\">\n\t\t<div class=\"qodef-eh-item-content qodef-eh-custom-9134\" style=\"padding: 0px 0px 0px 33px\">\n\t\t\t<div class=\"qodef-iwt clearfix  qodef-iwt-icon-left qodef-iwt-icon-tiny\">\n\t<div class=\"qodef-iwt-icon\">\n\t\t\t\t\t\t\t\t\t    <span class=\"qodef-icon-shortcode qodef-normal   qodef-icon-tiny\"  >\n                    <i class=\"qodef-icon-font-awesome fa fa-male qodef-icon-element\" style=\"\" ><\/i>            <\/span>\n\t\t\t\t\t\t<\/div>\n\t<div class=\"qodef-iwt-content\" style=\"padding-left: 20px\">\n\t\t\t\t\t<h5 class=\"qodef-iwt-title\" style=\"margin-top: 6px\">\n\t\t\t\t\t\t\t\t<span class=\"qodef-iwt-title-text\">Slaapzalen voor 2 of 8 personen.<\/span>\n\t\t\t\t\t\t\t<\/h5>\n\t\t\t\t\t\t\t<p class=\"qodef-iwt-text\" style=\"margin-top: 0px\">\n                                        gemengde of vrouwelijke slaapzalen                            <\/p>\n\t\t\t<\/div>\n<\/div>\t\t<\/div>\n\t<\/div>\n<\/div><\/div><div class=\"vc_empty_space\"   style=\"height: 12px\" ><span class=\"vc_empty_space_inner\"><\/span><\/div>\n<div class=\"qodef-elements-holder   qodef-one-column  qodef-responsive-mode-768\" ><div class=\"qodef-eh-item\"  data-item-class=\"qodef-eh-custom-4127\" data-680=\"0px 0px 0px 5px\">\n\t<div class=\"qodef-eh-item-inner\">\n\t\t<div class=\"qodef-eh-item-content qodef-eh-custom-4127\" style=\"padding: 0px 0px 0px 25px\">\n\t\t\t<div class=\"qodef-iwt clearfix  qodef-iwt-icon-left qodef-iwt-icon-tiny\">\n\t<div class=\"qodef-iwt-icon\">\n\t\t\t\t\t\t\t\t\t    <span class=\"qodef-icon-shortcode qodef-normal   qodef-icon-tiny\"  >\n                    <i class=\"qodef-icon-font-awesome fa fa-bed qodef-icon-element\" style=\"\" ><\/i>            <\/span>\n\t\t\t\t\t\t<\/div>\n\t<div class=\"qodef-iwt-content\" style=\"padding-left: 14px\">\n\t\t\t\t\t<h5 class=\"qodef-iwt-title\" style=\"margin-top: 6px\">\n\t\t\t\t\t\t\t\t<span class=\"qodef-iwt-title-text\">Vellen verstrekt<\/span>\n\t\t\t\t\t\t\t<\/h5>\n\t\t\t\t\t\t\t<p class=\"qodef-iwt-text\" style=\"margin-top: 0px\">\n                                        om je eigen                            <\/p>\n\t\t\t<\/div>\n<\/div>\t\t<\/div>\n\t<\/div>\n<\/div><\/div><div class=\"vc_empty_space\"   style=\"height: 12px\" ><span class=\"vc_empty_space_inner\"><\/span><\/div>\n<div class=\"qodef-elements-holder   qodef-one-column  qodef-responsive-mode-768\" ><div class=\"qodef-eh-item\"  data-item-class=\"qodef-eh-custom-5706\" data-680=\"0px 0px 0px 8px\">\n\t<div class=\"qodef-eh-item-inner\">\n\t\t<div class=\"qodef-eh-item-content qodef-eh-custom-5706\" style=\"padding: 0px 0px 0px 28px\">\n\t\t\t<div class=\"qodef-iwt clearfix  qodef-iwt-icon-left qodef-iwt-icon-tiny\">\n\t<div class=\"qodef-iwt-icon\">\n\t\t\t\t\t\t\t\t\t    <span class=\"qodef-icon-shortcode qodef-normal   qodef-icon-tiny\"  >\n                    <i class=\"qodef-icon-font-awesome fa fa-shower qodef-icon-element\" style=\"\" ><\/i>            <\/span>\n\t\t\t\t\t\t<\/div>\n\t<div class=\"qodef-iwt-content\" style=\"padding-left: 12px\">\n\t\t\t\t\t<h5 class=\"qodef-iwt-title\" style=\"margin-top: 6px\">\n\t\t\t\t\t\t\t\t<span class=\"qodef-iwt-title-text\">Gedeelde water kamer<\/span>\n\t\t\t\t\t\t\t<\/h5>\n\t\t\t\t\t<\/div>\n<\/div>\t\t<\/div>\n\t<\/div>\n<\/div><\/div><div class=\"vc_empty_space\"   style=\"height: 20px\" ><span class=\"vc_empty_space_inner\"><\/span><\/div>\n<div class=\"qodef-elements-holder   qodef-one-column  qodef-responsive-mode-768\" ><div class=\"qodef-eh-item\"  data-item-class=\"qodef-eh-custom-3368\" data-680=\"0px 0px 0px 5px\">\n\t<div class=\"qodef-eh-item-inner\">\n\t\t<div class=\"qodef-eh-item-content qodef-eh-custom-3368\" style=\"padding: 0px 0px 0px 25px\">\n\t\t\t<div class=\"qodef-iwt clearfix  qodef-iwt-icon-left qodef-iwt-icon-tiny\">\n\t<div class=\"qodef-iwt-icon\">\n\t\t\t\t\t\t\t\t\t    <span class=\"qodef-icon-shortcode qodef-normal   qodef-icon-tiny\"  >\n                    <i class=\"qodef-icon-font-awesome fa fa-wifi qodef-icon-element\" style=\"\" ><\/i>            <\/span>\n\t\t\t\t\t\t<\/div>\n\t<div class=\"qodef-iwt-content\" style=\"padding-left: 13px\">\n\t\t\t\t\t<h5 class=\"qodef-iwt-title\" style=\"margin-top: 6px\">\n\t\t\t\t\t\t\t\t<span class=\"qodef-iwt-title-text\">Gratis WiFi - Geen TV!<\/span>\n\t\t\t\t\t\t\t<\/h5>\n\t\t\t\t\t\t\t<p class=\"qodef-iwt-text\" style=\"margin-top: 0px\">\n                                        zelfbedieningscomputers en printers                            <\/p>\n\t\t\t<\/div>\n<\/div>\t\t<\/div>\n\t<\/div>\n<\/div><\/div><div class=\"vc_empty_space\"   style=\"height: 12px\" ><span class=\"vc_empty_space_inner\"><\/span><\/div>\n<div class=\"qodef-elements-holder   qodef-one-column  qodef-responsive-mode-768\" ><div class=\"qodef-eh-item\"  data-item-class=\"qodef-eh-custom-3934\" data-680=\"0px 0px 0px 13px\">\n\t<div class=\"qodef-eh-item-inner\">\n\t\t<div class=\"qodef-eh-item-content qodef-eh-custom-3934\" style=\"padding: 0px 0px 0px 33px\">\n\t\t\t<div class=\"qodef-iwt clearfix  qodef-iwt-icon-left qodef-iwt-icon-tiny\">\n\t<div class=\"qodef-iwt-icon\">\n\t\t\t\t\t\t\t\t\t    <span class=\"qodef-icon-shortcode qodef-normal   qodef-icon-tiny\"  >\n                    <i class=\"qodef-icon-ion-icon ion-pizza qodef-icon-element\" style=\"\" ><\/i>            <\/span>\n\t\t\t\t\t\t<\/div>\n\t<div class=\"qodef-iwt-content\" style=\"padding-left: 19px\">\n\t\t\t\t\t<h5 class=\"qodef-iwt-title\" style=\"margin-top: 6px\">\n\t\t\t\t\t\t\t\t<span class=\"qodef-iwt-title-text\">Voedsel voor buiten<\/span>\n\t\t\t\t\t\t\t<\/h5>\n\t\t\t\t\t\t\t<p class=\"qodef-iwt-text\" style=\"margin-top: 0px\">\n                                        Tot 18.00 uur toegestaan in het restaurantgedeelte (geen koelkasten, kookplaten of magnetrons)                            <\/p>\n\t\t\t<\/div>\n<\/div>\t\t<\/div>\n\t<\/div>\n<\/div><\/div><div class=\"qodef-elements-holder   qodef-one-column  qodef-responsive-mode-768\" ><div class=\"qodef-eh-item\"  data-item-class=\"qodef-eh-custom-3466\" data-680=\"0px 0px 0px 20px\">\n\t<div class=\"qodef-eh-item-inner\">\n\t\t<div class=\"qodef-eh-item-content qodef-eh-custom-3466\" style=\"padding: 0px 40px 0px 25px\">\n\t\t\t\n\t<div class=\"wpb_text_column wpb_content_element  vc_custom_1728429506436\" >\n\t\t<div class=\"wpb_wrapper\">\n\t\t\t<p><strong>Vanaf \u20ac22\/nacht <\/strong>(exclusief toeristenbelasting)<\/p>\n\n\t\t<\/div>\n\t<\/div>\n<div class=\"vc_empty_space\"   style=\"height: 20px\" ><span class=\"vc_empty_space_inner\"><\/span><\/div>\n\n\t<div class=\"wpb_text_column wpb_content_element\" >\n\t\t<div class=\"wpb_wrapper\">\n\t\t\t \r\n\r\n\t\t<div class=\"distrib\">\r\n\t\t\t<a data-token=\"69e18ed8980f5\" class=\"qodef-btn qodef-btn-medium qodef-btn-solid mews-button\">\r\n\t\t\t\t<span class=\"qodef-btn-text-wrapper\">\t\r\n\t\t\t\t\t<span class=\"qodef-btn-text\">Boek<\/span>\r\n\t\t\t\t<\/span>\r\n\t\t\t\t<span class=\"qodef-btn-bgrnd-wrapper\">\r\n\t\t\t\t\t<span class=\"qodef-btn-bgrnd-idle\"><\/span>\r\n\t\t\t\t\t<span class=\"qodef-btn-bgrnd-hover\"><\/span>\r\n\t\t\t\t<\/span>\r\n\t\t\t<\/a>\r\n\t\t\t<\/div>\r\n\t\t\r\n\t\n\n\t\t<\/div>\n\t<\/div>\n\n\t<div class=\"wpb_text_column wpb_content_element\" >\n\t\t<div class=\"wpb_wrapper\">\n\t\t\t<p><a href=\"https:\/\/ho36lyon.com\/nl\/lyon-guillotiere\/\"> \u2190 Terug naar Lyon Guilloti\u00e8re pagina<\/a><\/p>\n\n\t\t<\/div>\n\t<\/div>\n\t\t<\/div>\n\t<\/div>\n<\/div><\/div><\/div><\/div><\/div><\/div><\/div><\/div><div class=\"vc_row wpb_row vc_row-fluid\" ><div class=\"wpb_column vc_column_container vc_col-sm-12\"><div class=\"vc_column-inner\"><div class=\"wpb_wrapper\"><\/div><\/div><\/div><\/div>","protected":false},"excerpt":{"rendered":"\u00c0 savoir - Les animaux sont interdits. - Nous n'avons pas d'ascenseur. - Frais d'annulation, veuillez consulter nos conditions g\u00e9n\u00e9rales de vente. &nbsp; \u26a0\ufe0e Les dortoirs ne sont pas climatis\u00e9s. Les dortoirs Chambres partag\u00e9es Une auberge de jeunesse nouvelle g\u00e9n\u00e9ration\u2026 [...]","protected":false},"author":1,"featured_media":0,"parent":4640,"menu_order":1,"comment_status":"closed","ping_status":"closed","template":"full-width.php","meta":{"footnotes":""},"class_list":["post-3756","page","type-page","status-publish","hentry"],"acf":[],"yoast_head":"<!-- This site is optimized with the Yoast SEO plugin v27.4 - https:\/\/yoast.com\/product\/yoast-seo-wordpress\/ -->\n<title>Les dortoirs chez ho36 Lyon Guilloti\u00e8re - HO36 HOSTEL - LYON<\/title>\n<meta name=\"description\" content=\"R\u00e9servez un lit cosy \u00e0 prix mini ! Notre hostel \u00e0 Lyon Guilloti\u00e8re vous propose des chambres partag\u00e9es \u00e0 partir de 22\u20ac\/nuit\" \/>\n<meta name=\"robots\" content=\"index, follow, max-snippet:-1, max-image-preview:large, max-video-preview:-1\" \/>\n<link rel=\"canonical\" href=\"https:\/\/ho36lyon.com\/nl\/lyon-guillotiere\/slaapzalen-2\/\" \/>\n<meta property=\"og:locale\" content=\"nl_NL\" \/>\n<meta property=\"og:type\" content=\"article\" \/>\n<meta property=\"og:title\" content=\"Les dortoirs chez ho36 Lyon Guilloti\u00e8re - HO36 HOSTEL - LYON\" \/>\n<meta property=\"og:description\" content=\"R\u00e9servez un lit cosy \u00e0 prix mini ! Notre hostel \u00e0 Lyon Guilloti\u00e8re vous propose des chambres partag\u00e9es \u00e0 partir de 22\u20ac\/nuit\" \/>\n<meta property=\"og:url\" content=\"https:\/\/ho36lyon.com\/nl\/lyon-guillotiere\/slaapzalen-2\/\" \/>\n<meta property=\"og:site_name\" content=\"HO36 HOSTEL - LYON\" \/>\n<meta property=\"article:modified_time\" content=\"2025-03-20T18:33:16+00:00\" \/>\n<meta name=\"twitter:card\" content=\"summary_large_image\" \/>\n<meta name=\"twitter:label1\" content=\"Geschatte leestijd\" \/>\n\t<meta name=\"twitter:data1\" content=\"2 minuten\" \/>\n<script type=\"application\/ld+json\" class=\"yoast-schema-graph\">{\"@context\":\"https:\\\/\\\/schema.org\",\"@graph\":[{\"@type\":\"WebPage\",\"@id\":\"https:\\\/\\\/ho36lyon.com\\\/lyon-guillotiere\\\/dortoirs\\\/\",\"url\":\"https:\\\/\\\/ho36lyon.com\\\/lyon-guillotiere\\\/dortoirs\\\/\",\"name\":\"Les dortoirs chez ho36 Lyon Guilloti\u00e8re - HO36 HOSTEL - LYON\",\"isPartOf\":{\"@id\":\"https:\\\/\\\/ho36lyon.com\\\/#website\"},\"datePublished\":\"2019-04-09T14:38:11+00:00\",\"dateModified\":\"2025-03-20T18:33:16+00:00\",\"description\":\"R\u00e9servez un lit cosy \u00e0 prix mini ! Notre hostel \u00e0 Lyon Guilloti\u00e8re vous propose des chambres partag\u00e9es \u00e0 partir de 22\u20ac\\\/nuit\",\"breadcrumb\":{\"@id\":\"https:\\\/\\\/ho36lyon.com\\\/lyon-guillotiere\\\/dortoirs\\\/#breadcrumb\"},\"inLanguage\":\"nl-NL\",\"potentialAction\":[{\"@type\":\"ReadAction\",\"target\":[\"https:\\\/\\\/ho36lyon.com\\\/lyon-guillotiere\\\/dortoirs\\\/\"]}]},{\"@type\":\"BreadcrumbList\",\"@id\":\"https:\\\/\\\/ho36lyon.com\\\/lyon-guillotiere\\\/dortoirs\\\/#breadcrumb\",\"itemListElement\":[{\"@type\":\"ListItem\",\"position\":1,\"name\":\"Accueil\",\"item\":\"https:\\\/\\\/ho36lyon.com\\\/\"},{\"@type\":\"ListItem\",\"position\":2,\"name\":\"HO36 Hostel Lyon &#8211; Site Officiel &#8211; Meilleurs prix\",\"item\":\"https:\\\/\\\/ho36lyon.com\\\/\"},{\"@type\":\"ListItem\",\"position\":3,\"name\":\"Dortoirs ho36 Lyon Guilloti\u00e8re\"}]},{\"@type\":\"WebSite\",\"@id\":\"https:\\\/\\\/ho36lyon.com\\\/#website\",\"url\":\"https:\\\/\\\/ho36lyon.com\\\/\",\"name\":\"HO36 HOSTEL - LYON\",\"description\":\"Eat - drink - live - sleep\",\"publisher\":{\"@id\":\"https:\\\/\\\/ho36lyon.com\\\/#organization\"},\"potentialAction\":[{\"@type\":\"SearchAction\",\"target\":{\"@type\":\"EntryPoint\",\"urlTemplate\":\"https:\\\/\\\/ho36lyon.com\\\/?s={search_term_string}\"},\"query-input\":{\"@type\":\"PropertyValueSpecification\",\"valueRequired\":true,\"valueName\":\"search_term_string\"}}],\"inLanguage\":\"nl-NL\"},{\"@type\":\"Organization\",\"@id\":\"https:\\\/\\\/ho36lyon.com\\\/#organization\",\"name\":\"ho36\",\"url\":\"https:\\\/\\\/ho36lyon.com\\\/\",\"logo\":{\"@type\":\"ImageObject\",\"inLanguage\":\"nl-NL\",\"@id\":\"https:\\\/\\\/ho36lyon.com\\\/#\\\/schema\\\/logo\\\/image\\\/\",\"url\":\"https:\\\/\\\/ho36lyon.com\\\/wp-content\\\/uploads\\\/2022\\\/07\\\/logo-ho36seul-noir.png\",\"contentUrl\":\"https:\\\/\\\/ho36lyon.com\\\/wp-content\\\/uploads\\\/2022\\\/07\\\/logo-ho36seul-noir.png\",\"width\":2916,\"height\":898,\"caption\":\"ho36\"},\"image\":{\"@id\":\"https:\\\/\\\/ho36lyon.com\\\/#\\\/schema\\\/logo\\\/image\\\/\"}}]}<\/script>\n<!-- \/ Yoast SEO plugin. -->","yoast_head_json":{"title":"De slaapzalen van ho36 Lyon Guilloti\u00e8re - HO36 HOSTEL - LYON","description":"Boek een gezellig bed tegen een lage prijs! Ons hostel in Lyon Guilloti\u00e8re biedt gedeelde kamers vanaf \u20ac22\/nacht.","robots":{"index":"index","follow":"follow","max-snippet":"max-snippet:-1","max-image-preview":"max-image-preview:large","max-video-preview":"max-video-preview:-1"},"canonical":"https:\/\/ho36lyon.com\/nl\/lyon-guillotiere\/slaapzalen-2\/","og_locale":"nl_NL","og_type":"article","og_title":"Les dortoirs chez ho36 Lyon Guilloti\u00e8re - HO36 HOSTEL - LYON","og_description":"R\u00e9servez un lit cosy \u00e0 prix mini ! Notre hostel \u00e0 Lyon Guilloti\u00e8re vous propose des chambres partag\u00e9es \u00e0 partir de 22\u20ac\/nuit","og_url":"https:\/\/ho36lyon.com\/nl\/lyon-guillotiere\/slaapzalen-2\/","og_site_name":"HO36 HOSTEL - LYON","article_modified_time":"2025-03-20T18:33:16+00:00","twitter_card":"summary_large_image","twitter_misc":{"Geschatte leestijd":"2 minuten"},"schema":{"@context":"https:\/\/schema.org","@graph":[{"@type":"WebPage","@id":"https:\/\/ho36lyon.com\/lyon-guillotiere\/dortoirs\/","url":"https:\/\/ho36lyon.com\/lyon-guillotiere\/dortoirs\/","name":"De slaapzalen van ho36 Lyon Guilloti\u00e8re - HO36 HOSTEL - LYON","isPartOf":{"@id":"https:\/\/ho36lyon.com\/#website"},"datePublished":"2019-04-09T14:38:11+00:00","dateModified":"2025-03-20T18:33:16+00:00","description":"Boek een gezellig bed tegen een lage prijs! Ons hostel in Lyon Guilloti\u00e8re biedt gedeelde kamers vanaf \u20ac22\/nacht.","breadcrumb":{"@id":"https:\/\/ho36lyon.com\/lyon-guillotiere\/dortoirs\/#breadcrumb"},"inLanguage":"nl-NL","potentialAction":[{"@type":"ReadAction","target":["https:\/\/ho36lyon.com\/lyon-guillotiere\/dortoirs\/"]}]},{"@type":"BreadcrumbList","@id":"https:\/\/ho36lyon.com\/lyon-guillotiere\/dortoirs\/#breadcrumb","itemListElement":[{"@type":"ListItem","position":1,"name":"Accueil","item":"https:\/\/ho36lyon.com\/"},{"@type":"ListItem","position":2,"name":"HO36 Hostel Lyon &#8211; Site Officiel &#8211; Meilleurs prix","item":"https:\/\/ho36lyon.com\/"},{"@type":"ListItem","position":3,"name":"Dortoirs ho36 Lyon Guilloti\u00e8re"}]},{"@type":"WebSite","@id":"https:\/\/ho36lyon.com\/#website","url":"https:\/\/ho36lyon.com\/","name":"HOSTEL HO36 - LYON","description":"Eten - drinken - leven - slapen","publisher":{"@id":"https:\/\/ho36lyon.com\/#organization"},"potentialAction":[{"@type":"SearchAction","target":{"@type":"EntryPoint","urlTemplate":"https:\/\/ho36lyon.com\/?s={search_term_string}"},"query-input":{"@type":"PropertyValueSpecification","valueRequired":true,"valueName":"search_term_string"}}],"inLanguage":"nl-NL"},{"@type":"Organization","@id":"https:\/\/ho36lyon.com\/#organization","name":"ho36","url":"https:\/\/ho36lyon.com\/","logo":{"@type":"ImageObject","inLanguage":"nl-NL","@id":"https:\/\/ho36lyon.com\/#\/schema\/logo\/image\/","url":"https:\/\/ho36lyon.com\/wp-content\/uploads\/2022\/07\/logo-ho36seul-noir.png","contentUrl":"https:\/\/ho36lyon.com\/wp-content\/uploads\/2022\/07\/logo-ho36seul-noir.png","width":2916,"height":898,"caption":"ho36"},"image":{"@id":"https:\/\/ho36lyon.com\/#\/schema\/logo\/image\/"}}]}},"_links":{"self":[{"href":"https:\/\/ho36lyon.com\/nl\/wp-json\/wp\/v2\/pages\/3756","targetHints":{"allow":["GET"]}}],"collection":[{"href":"https:\/\/ho36lyon.com\/nl\/wp-json\/wp\/v2\/pages"}],"about":[{"href":"https:\/\/ho36lyon.com\/nl\/wp-json\/wp\/v2\/types\/page"}],"author":[{"embeddable":true,"href":"https:\/\/ho36lyon.com\/nl\/wp-json\/wp\/v2\/users\/1"}],"replies":[{"embeddable":true,"href":"https:\/\/ho36lyon.com\/nl\/wp-json\/wp\/v2\/comments?post=3756"}],"version-history":[{"count":5,"href":"https:\/\/ho36lyon.com\/nl\/wp-json\/wp\/v2\/pages\/3756\/revisions"}],"predecessor-version":[{"id":15707,"href":"https:\/\/ho36lyon.com\/nl\/wp-json\/wp\/v2\/pages\/3756\/revisions\/15707"}],"up":[{"embeddable":true,"href":"https:\/\/ho36lyon.com\/nl\/wp-json\/wp\/v2\/pages\/4640"}],"wp:attachment":[{"href":"https:\/\/ho36lyon.com\/nl\/wp-json\/wp\/v2\/media?parent=3756"}],"curies":[{"name":"wp","href":"https:\/\/api.w.org\/{rel}","templated":true}]}}