
{"id":3,"date":"2019-04-04T11:22:21","date_gmt":"2019-04-04T09:22:21","guid":{"rendered":"https:\/\/ho36.com\/?page_id=3"},"modified":"2023-05-03T16:09:50","modified_gmt":"2023-05-03T14:09:50","slug":"politique-de-confidentialite","status":"publish","type":"page","link":"https:\/\/ho36lyon.com\/nl\/privacybeleid\/","title":{"rendered":"Privacybeleid"},"content":{"rendered":"<h2 class=\"wp-block-heading\">Privacybeleid<\/h2>\r\n<h3>Wie zijn wij?<\/h3>\r\n\r\n\r\n\r\n<p>ho36hostels (\"Wij\") doet er alles aan om de privacy van uw gegevens te beschermen en te respecteren.<\/p>\r\n<p>In het kader van onze activiteiten kunnen wij informatie over u verwerken. Door bijvoorbeeld onze websites of onze mobiele en digitale toepassingen te bezoeken, of door te klikken op een advertentielink die wij u aanbieden, geeft u informatie aan ons door, waarvan sommige u kunnen identificeren (\"persoonsgegevens\").<\/p>\r\n<p>Dit beleid zet onze algemene principes uiteen voor de behandeling van persoonlijke gegevens die wij over u verzamelen of die u ons hebt toegestuurd. Lees het volgende zorgvuldig door om onze opvattingen en praktijken met betrekking tot uw persoonlijke gegevens en de manier waarop wij deze verwerken te begrijpen.<\/p>\r\n<p>Krachtens de Data Protection Act 1998 (de wet) is de verantwoordelijke voor de verwerking van de gegevens ho36 developpement, 7 rue de Chartres, 92200 Neuilly-sur-seine.<\/p>\r\n<p>Het adres van onze website is : <a href=\"https:\/\/ho36lyon.com\/nl\/\">http:\/\/ho36.com<\/a>.<\/p>\r\n<p>\r\n\r\n<\/p>\r\n<h3 class=\"wp-block-heading\">Gebruik van de verzamelde persoonsgegevens<\/h3>\r\n<p>\r\n\r\n\r\n\r\n<\/p>\r\n<h4><strong>Welke gegevens worden verzameld?<\/strong><\/h4>\r\n<p>Wij kunnen de volgende gegevens over u verzamelen en verwerken:<\/p>\r\n<ul>\r\n<li><strong> De gegevens die wij automatisch verzamelen : <\/strong>gegevens verzameld uit uw bezoeken aan onze website, waaronder verkeersgegevens, aanmeldingsgegevens, demografische en geografische gegevens, interesses en andere communicatiegegevens, die nodig zijn voor facturering of andere doeleinden, en de bronnen waartoe u toegang hebt.<\/li>\r\n<li>\r\n<p><strong>De gegevens die we verzamelen in de loop van onze zakelijke relatie:\u00a0<\/strong>gegevens met betrekking tot uw deelname aan promotieaanbiedingen, wedstrijden of evenementen. Wij kunnen u ook om gegevens vragen wanneer u een probleem met onze site meldt. Als u contact met ons opneemt, kunnen wij bovendien een verslag van onze correspondentie bijhouden.<\/p>\r\n<\/li>\r\n<\/ul>\r\n<p>\r\n\r\n<\/p>\r\n<p>\r\n\r\n\r\n\r\n<\/p>\r\n<p>\r\n\r\n<\/p>\r\n<h4 class=\"wp-block-heading\"><strong>IP-adressen<\/strong><\/h4>\r\n<p>Wij kunnen informatie over uw computer verzamelen, waaronder uw IP-adres, besturingssysteem en eventuele browser, voor systeemadministratieve doeleinden. Dit zijn statistische gegevens over de surfgewoonten en -patronen van onze gebruikers en identificeren geen personen. Wanneer u bijvoorbeeld een commentaar op onze website achterlaat, worden de gegevens die u in het commentaarformulier hebt ingevoerd, uw IP-adres en de gebruikersagent van uw browser verzameld om ons te helpen ongewenst commentaar op te sporen.<\/p>\r\n<p>\r\n\r\n<\/p>\r\n<h4 class=\"wp-block-heading\"><strong>Cookies<\/strong><\/h4>\r\n<p>\r\n\r\n<\/p>\r\n<p>Onze website gebruikt cookies om u te onderscheiden van andere gebruikers van onze website. Hierdoor kunnen wij u een betere service bieden wanneer u op onze website surft en tevens onze website verbeteren.<\/p>\r\n<p>Een cookie is een klein bestand met letters en cijfers dat in uw browser of op de harde schijf van uw computer wordt opgeslagen als u het aanvaardt. Cookies bevatten informatie die wordt overgebracht naar de harde schijf van uw computer.<\/p>\r\n<p>De cookies die wij gebruiken zijn \"analytisch\" en worden gebruikt door de externe dienst Google Analytics. Ze laten ons toe het aantal bezoekers te herkennen en te tellen, alsook de navigatie en het gebruik van de bezoekers van onze website te observeren. Hierdoor kunnen wij de werking van onze website verbeteren door er bijvoorbeeld voor te zorgen dat gebruikers gemakkelijk kunnen vinden wat zij zoeken.<\/p>\r\n<p>Als u een reactie achterlaat op onze site, wordt u gevraagd uw naam, e-mailadres en website op te slaan in cookies. Deze cookies zijn niet nuttig voor ons, ze zijn alleen voor uw gemak, zodat u deze informatie niet hoeft in te voeren als u later een andere reactie plaatst. Deze cookies vervallen na een jaar.<\/p>\r\n<p>U kunt cookies blokkeren door een filter op uw browser te activeren. Hiermee kunt u alle cookies of slechts enkele ervan weigeren. Als u er echter voor kiest om alle cookies (inclusief essenti\u00eble cookies) te blokkeren, zijn sommige delen van onze website mogelijk niet toegankelijk voor u.<\/p>\r\n<p>\r\n\r\n<\/p>\r\n<p>\r\n\r\n<\/p>\r\n<h4 class=\"wp-block-heading\"><strong>Ingesloten inhoud van andere sites<\/strong><\/h4>\r\n<p>\r\n\r\n<\/p>\r\n<p>Artikelen op deze site kunnen ingesloten inhoud bevatten (bijv. video's, afbeeldingen, artikelen...). Ingesloten inhoud van andere sites gedraagt zich alsof de bezoeker zich op die andere site bevindt.<\/p>\r\n<p>\r\n\r\n<\/p>\r\n<p>Deze websites kunnen gegevens over u verzamelen, cookies gebruiken, trackinginstrumenten van derden insluiten, uw interacties met deze ingesloten inhoud volgen als u een ingelogde account hebt op hun website.<\/p>\r\n<div class=\"page\" title=\"Pagina 2\">\r\n<div class=\"layoutArea\">\r\n<div class=\"column\">\r\n<h4><strong>Voor welke doeleinden gebruiken wij uw gegevens?\u00a0<\/strong><\/h4>\r\n<ul>\r\n<li>Klantrelaties ;<\/li>\r\n<li>Verzenden van marketing-, reclame- en promotieaanbiedingen over onze producten en diensten;<\/li>\r\n<li>De ontwikkeling van bedrijfsstatistieken;<\/li>\r\n<li>De organisatie van wedstrijden, loterijen of andere promotieactiviteiten (met uitzondering van onlinegokken, waarvoor de Autorit\u00e9 de R\u00e9gulation des Jeux en Ligne toestemming moet verlenen);<\/li>\r\n<li>Doeleinden in verband met het plaatsen van cookies op uw browser.<\/li>\r\n<\/ul>\r\n<div class=\"page\" title=\"Pagina 2\">\r\n<div class=\"layoutArea\">\r\n<div class=\"column\">\r\n<p>Indien wij betrokken raken bij een fusie, overname of andere vorm van vermogensoverdracht, zullen wij de vertrouwelijkheid van uw persoonsgegevens waarborgen en u informeren voordat uw persoonsgegevens worden overgedragen of aan nieuwe privacyregels worden onderworpen.<\/p>\r\n<\/div>\r\n<\/div>\r\n<\/div>\r\n<\/div>\r\n<\/div>\r\n<\/div>\r\n<p>\r\n\r\n<\/p>\r\n<h4 class=\"wp-block-heading\"><strong>Hoe lang bewaren wij uw gegevens?<\/strong><\/h4>\r\n<p>\r\n\r\n<\/p>\r\n<p>Uw persoonsgegevens worden bewaard gedurende een periode die in overeenstemming is met de wettelijke bepalingen of in verhouding staat tot de doeleinden waarvoor ze werden geregistreerd.<\/p>\r\n<p>Als u een commentaar achterlaat, worden het commentaar en de metadata ervan voor onbepaalde tijd bewaard. Hierdoor kunnen volgende commentaren automatisch worden herkend en goedgekeurd in plaats van in de wachtrij voor moderatie te blijven staan.<\/p>\r\n<p>\r\n\r\n<\/p>\r\n<p>De bewaartermijnen vari\u00ebren naargelang wij een lopende contractuele relatie met u hebben (u bent een actieve klant), of wij in het verleden een contractuele relatie met u hebben gehad (u bent een inactieve klant) of dat wij nooit een dergelijke relatie met u hebben gehad (u bent een prospect). De gegevens met betrekking tot uw navigatie op onze online diensten die door de door u toegestane cookies worden verzameld, hebben een specifieke bewaartermijn. De tabel <a href=\"http:\/\/oseox.fr\/google-analytics\/cookies-tracking.html\">bijgevoegd<\/a> vermeldt de belangrijkste bewaartermijnen van uw gegevens.<\/p>\r\n<p>\r\n\r\n<\/p>\r\n<h4 class=\"wp-block-heading\"><strong>De rechten die u hebt op uw gegevens<\/strong><\/h4>\r\n<p>\r\n\r\n<\/p>\r\n<p>U hebt het recht op toegang tot uw persoonsgegevens en op een verzoek om deze te corrigeren, aan te vullen of bij te werken. U kunt ook vragen uw gegevens te wissen of bezwaar te maken tegen de verwerking ervan, mits u een legitieme reden kunt aantonen. Als u opmerkingen op de site hebt achtergelaten, kunt u vragen om een bestand te ontvangen met alle persoonsgegevens die wij over u bewaren, met inbegrip van de gegevens die u ons hebt verstrekt.\u00a0<\/p>\r\n<p>\r\n\r\n<\/p>\r\n<p><\/p>\r\n<p>&nbsp;<\/p>","protected":false},"excerpt":{"rendered":"<p>Politique de confidentialit\u00e9 Qui sommes-nous\u00a0? ho36hostels (\u00ab Nous \u00bb), s&rsquo;engage pour prot\u00e9ger et respecter la confidentialit\u00e9 de vos donn\u00e9es. Dans le cadre de notre activit\u00e9, nous sommes amen\u00e9s \u00e0 traiter des informations vous concernant. Par exemple, en naviguant sur nos [&hellip;]<\/p>\n","protected":false},"author":1,"featured_media":0,"parent":0,"menu_order":0,"comment_status":"closed","ping_status":"open","template":"","meta":{"footnotes":""},"class_list":["post-3","page","type-page","status-publish","hentry"],"acf":[],"yoast_head":"<!-- This site is optimized with the Yoast SEO plugin v27.4 - https:\/\/yoast.com\/product\/yoast-seo-wordpress\/ -->\n<title>Politique de confidentialit\u00e9 - HO36 HOSTEL - LYON<\/title>\n<meta name=\"description\" content=\"Pour plus d&#039;informations concernant l&#039;usage de vos donn\u00e9es, nous vous invitons \u00e0 lire notre politique de confidentiali\u00e9.\" \/>\n<meta name=\"robots\" content=\"index, follow, max-snippet:-1, max-image-preview:large, max-video-preview:-1\" \/>\n<link rel=\"canonical\" href=\"https:\/\/ho36lyon.com\/nl\/privacybeleid\/\" \/>\n<meta property=\"og:locale\" content=\"nl_NL\" \/>\n<meta property=\"og:type\" content=\"article\" \/>\n<meta property=\"og:title\" content=\"Politique de confidentialit\u00e9 - HO36 HOSTEL - LYON\" \/>\n<meta property=\"og:description\" content=\"Pour plus d&#039;informations concernant l&#039;usage de vos donn\u00e9es, nous vous invitons \u00e0 lire notre politique de confidentiali\u00e9.\" \/>\n<meta property=\"og:url\" content=\"https:\/\/ho36lyon.com\/nl\/privacybeleid\/\" \/>\n<meta property=\"og:site_name\" content=\"HO36 HOSTEL - LYON\" \/>\n<meta property=\"article:modified_time\" content=\"2023-05-03T14:09:50+00:00\" \/>\n<meta name=\"twitter:card\" content=\"summary_large_image\" \/>\n<meta name=\"twitter:label1\" content=\"Geschatte leestijd\" \/>\n\t<meta name=\"twitter:data1\" content=\"6 minuten\" \/>\n<script type=\"application\/ld+json\" class=\"yoast-schema-graph\">{\"@context\":\"https:\\\/\\\/schema.org\",\"@graph\":[{\"@type\":\"WebPage\",\"@id\":\"https:\\\/\\\/ho36lyon.com\\\/nl\\\/privacybeleid\\\/\",\"url\":\"https:\\\/\\\/ho36lyon.com\\\/nl\\\/privacybeleid\\\/\",\"name\":\"Politique de confidentialit\u00e9 - HO36 HOSTEL - LYON\",\"isPartOf\":{\"@id\":\"https:\\\/\\\/ho36lyon.com\\\/#website\"},\"datePublished\":\"2019-04-04T09:22:21+00:00\",\"dateModified\":\"2023-05-03T14:09:50+00:00\",\"description\":\"Pour plus d'informations concernant l'usage de vos donn\u00e9es, nous vous invitons \u00e0 lire notre politique de confidentiali\u00e9.\",\"breadcrumb\":{\"@id\":\"https:\\\/\\\/ho36lyon.com\\\/nl\\\/privacybeleid\\\/#breadcrumb\"},\"inLanguage\":\"nl-NL\",\"potentialAction\":[{\"@type\":\"ReadAction\",\"target\":[\"https:\\\/\\\/ho36lyon.com\\\/nl\\\/privacybeleid\\\/\"]}]},{\"@type\":\"BreadcrumbList\",\"@id\":\"https:\\\/\\\/ho36lyon.com\\\/nl\\\/privacybeleid\\\/#breadcrumb\",\"itemListElement\":[{\"@type\":\"ListItem\",\"position\":1,\"name\":\"Accueil\",\"item\":\"https:\\\/\\\/ho36lyon.com\\\/\"},{\"@type\":\"ListItem\",\"position\":2,\"name\":\"Politique de confidentialit\u00e9\"}]},{\"@type\":\"WebSite\",\"@id\":\"https:\\\/\\\/ho36lyon.com\\\/#website\",\"url\":\"https:\\\/\\\/ho36lyon.com\\\/\",\"name\":\"HO36 HOSTEL - LYON\",\"description\":\"Eat - drink - live - sleep\",\"publisher\":{\"@id\":\"https:\\\/\\\/ho36lyon.com\\\/#organization\"},\"potentialAction\":[{\"@type\":\"SearchAction\",\"target\":{\"@type\":\"EntryPoint\",\"urlTemplate\":\"https:\\\/\\\/ho36lyon.com\\\/?s={search_term_string}\"},\"query-input\":{\"@type\":\"PropertyValueSpecification\",\"valueRequired\":true,\"valueName\":\"search_term_string\"}}],\"inLanguage\":\"nl-NL\"},{\"@type\":\"Organization\",\"@id\":\"https:\\\/\\\/ho36lyon.com\\\/#organization\",\"name\":\"ho36\",\"url\":\"https:\\\/\\\/ho36lyon.com\\\/\",\"logo\":{\"@type\":\"ImageObject\",\"inLanguage\":\"nl-NL\",\"@id\":\"https:\\\/\\\/ho36lyon.com\\\/#\\\/schema\\\/logo\\\/image\\\/\",\"url\":\"https:\\\/\\\/ho36lyon.com\\\/wp-content\\\/uploads\\\/2022\\\/07\\\/logo-ho36seul-noir.png\",\"contentUrl\":\"https:\\\/\\\/ho36lyon.com\\\/wp-content\\\/uploads\\\/2022\\\/07\\\/logo-ho36seul-noir.png\",\"width\":2916,\"height\":898,\"caption\":\"ho36\"},\"image\":{\"@id\":\"https:\\\/\\\/ho36lyon.com\\\/#\\\/schema\\\/logo\\\/image\\\/\"}}]}<\/script>\n<!-- \/ Yoast SEO plugin. -->","yoast_head_json":{"title":"Privacybeleid - HO36 HOSTEL - LYON","description":"Lees ons privacybeleid voor meer informatie over het gebruik van uw gegevens.","robots":{"index":"index","follow":"follow","max-snippet":"max-snippet:-1","max-image-preview":"max-image-preview:large","max-video-preview":"max-video-preview:-1"},"canonical":"https:\/\/ho36lyon.com\/nl\/privacybeleid\/","og_locale":"nl_NL","og_type":"article","og_title":"Politique de confidentialit\u00e9 - HO36 HOSTEL - LYON","og_description":"Pour plus d'informations concernant l'usage de vos donn\u00e9es, nous vous invitons \u00e0 lire notre politique de confidentiali\u00e9.","og_url":"https:\/\/ho36lyon.com\/nl\/privacybeleid\/","og_site_name":"HO36 HOSTEL - LYON","article_modified_time":"2023-05-03T14:09:50+00:00","twitter_card":"summary_large_image","twitter_misc":{"Geschatte leestijd":"6 minuten"},"schema":{"@context":"https:\/\/schema.org","@graph":[{"@type":"WebPage","@id":"https:\/\/ho36lyon.com\/nl\/privacybeleid\/","url":"https:\/\/ho36lyon.com\/nl\/privacybeleid\/","name":"Privacybeleid - HO36 HOSTEL - LYON","isPartOf":{"@id":"https:\/\/ho36lyon.com\/#website"},"datePublished":"2019-04-04T09:22:21+00:00","dateModified":"2023-05-03T14:09:50+00:00","description":"Lees ons privacybeleid voor meer informatie over het gebruik van uw gegevens.","breadcrumb":{"@id":"https:\/\/ho36lyon.com\/nl\/privacybeleid\/#breadcrumb"},"inLanguage":"nl-NL","potentialAction":[{"@type":"ReadAction","target":["https:\/\/ho36lyon.com\/nl\/privacybeleid\/"]}]},{"@type":"BreadcrumbList","@id":"https:\/\/ho36lyon.com\/nl\/privacybeleid\/#breadcrumb","itemListElement":[{"@type":"ListItem","position":1,"name":"Accueil","item":"https:\/\/ho36lyon.com\/"},{"@type":"ListItem","position":2,"name":"Politique de confidentialit\u00e9"}]},{"@type":"WebSite","@id":"https:\/\/ho36lyon.com\/#website","url":"https:\/\/ho36lyon.com\/","name":"HOSTEL HO36 - LYON","description":"Eten - drinken - leven - slapen","publisher":{"@id":"https:\/\/ho36lyon.com\/#organization"},"potentialAction":[{"@type":"SearchAction","target":{"@type":"EntryPoint","urlTemplate":"https:\/\/ho36lyon.com\/?s={search_term_string}"},"query-input":{"@type":"PropertyValueSpecification","valueRequired":true,"valueName":"search_term_string"}}],"inLanguage":"nl-NL"},{"@type":"Organization","@id":"https:\/\/ho36lyon.com\/#organization","name":"ho36","url":"https:\/\/ho36lyon.com\/","logo":{"@type":"ImageObject","inLanguage":"nl-NL","@id":"https:\/\/ho36lyon.com\/#\/schema\/logo\/image\/","url":"https:\/\/ho36lyon.com\/wp-content\/uploads\/2022\/07\/logo-ho36seul-noir.png","contentUrl":"https:\/\/ho36lyon.com\/wp-content\/uploads\/2022\/07\/logo-ho36seul-noir.png","width":2916,"height":898,"caption":"ho36"},"image":{"@id":"https:\/\/ho36lyon.com\/#\/schema\/logo\/image\/"}}]}},"_links":{"self":[{"href":"https:\/\/ho36lyon.com\/nl\/wp-json\/wp\/v2\/pages\/3","targetHints":{"allow":["GET"]}}],"collection":[{"href":"https:\/\/ho36lyon.com\/nl\/wp-json\/wp\/v2\/pages"}],"about":[{"href":"https:\/\/ho36lyon.com\/nl\/wp-json\/wp\/v2\/types\/page"}],"author":[{"embeddable":true,"href":"https:\/\/ho36lyon.com\/nl\/wp-json\/wp\/v2\/users\/1"}],"replies":[{"embeddable":true,"href":"https:\/\/ho36lyon.com\/nl\/wp-json\/wp\/v2\/comments?post=3"}],"version-history":[{"count":0,"href":"https:\/\/ho36lyon.com\/nl\/wp-json\/wp\/v2\/pages\/3\/revisions"}],"wp:attachment":[{"href":"https:\/\/ho36lyon.com\/nl\/wp-json\/wp\/v2\/media?parent=3"}],"curies":[{"name":"wp","href":"https:\/\/api.w.org\/{rel}","templated":true}]}}