
{"id":3921,"date":"2019-04-16T16:01:13","date_gmt":"2019-04-16T14:01:13","guid":{"rendered":"https:\/\/ho36.com\/?page_id=3921"},"modified":"2024-10-08T22:42:46","modified_gmt":"2024-10-08T20:42:46","slug":"reglement-interieur","status":"publish","type":"page","link":"https:\/\/ho36lyon.com\/it\/lione-guillotiere\/regolamento-interno-2\/","title":{"rendered":"Regolamento ho36 Lyon Guilloti\u00e8re"},"content":{"rendered":"<h2 style=\"padding-left: 200px;\">Regolamento interno<\/h2>\n<h3 style=\"padding-left: 200px;\">ACCESSO ALLE CAMERE<\/h3>\n<p style=\"padding-left: 200px;\">Le camere sono <strong>disponibile dalle 16:00<\/strong> e deve essere <strong>rilasciati prima delle 11.00.<\/strong> la mattina successiva. Si prega di notare che se si parte pi\u00f9 tardi di questo, un<strong> check-out tardivo<\/strong> (15 \u20ac in HOTEL e 10 \u20ac in HOSTEL).<\/p>\n<p style=\"padding-left: 200px;\">Se desiderate mantenere la camera per una notte supplementare, il pagamento deve essere effettuato entro le ore 11.00, in base alla disponibilit\u00e0. Inoltre, la vostra camera \u00e8 destinata a un numero specifico di persone; per rispettare le norme di sicurezza dell'hotel, non dovete in nessun caso ospitare altre persone. Vi preghiamo di assicurarvi che la porta della vostra camera sia chiusa prima di lasciare la stanza.<\/p>\n\n<h3 style=\"padding-left: 200px;\">DIVIETI<\/h3>\n<p style=\"padding-left: 200px;\">Ricordiamo che dal 2 gennaio 2008 \u00e8 vietato fumare in tutte le aree pubbliche.\n\u00c8 assolutamente vietato fumare nelle camere per ovvie ragioni di sicurezza e comfort (<strong>l'inosservanza comporter\u00e0 una sanzione compresa tra 80 e 150 euro<\/strong> con l'obiettivo di ripristinare le condizioni originarie della camera (lavori di pulizia, costi della biancheria, eventuale mancato affitto della camera).<\/p>\n<p style=\"padding-left: 200px;\">\u00c8 vietato utilizzare apparecchi a gas nelle camere da letto, come stufe, ecc.<\/p>\n\n<h3 style=\"padding-left: 200px;\">ANIMALI<\/h3>\n<p style=\"padding-left: 200px;\">Non sono ammessi animali di alcun tipo.<\/p>\n\n<h3 style=\"padding-left: 200px;\">COLAZIONE<\/h3>\n<p style=\"padding-left: 200px;\">Servito dalle 7 alle 11 tutti i giorni tranne la domenica, quando termina alle 10.30.\n\n<\/p>\n\n<h3 style=\"padding-left: 200px;\">EFFETTI PERSONALI<\/h3>\n<p style=\"padding-left: 200px;\">ho36 non si assume alcuna responsabilit\u00e0 per i bagagli o gli oggetti lasciati nelle aree pubbliche. Avete la possibilit\u00e0 di accedere a un deposito bagagli sicuro (l'area di deposito bagagli accanto ai computer \u00e8 incustodita) a cui ha accesso solo il personale. In alternativa, alla reception sono disponibili dei lucchetti per mettere al sicuro i vostri effetti personali negli armadietti dell'ostello.<\/p>\n\n<h3 style=\"padding-left: 200px;\">DEGRADAZIONE<\/h3>\n<p style=\"padding-left: 200px;\">Vi chiediamo di rispettare i locali e l'arredamento della vostra camera. In caso di danni, il cliente sar\u00e0 ritenuto responsabile. Lo stesso vale per la scomparsa di oggetti. Possiamo addebitare la vostra carta di credito in qualsiasi momento se riteniamo che il danno causato o la scomparsa di oggetti generi dei costi. Ogni oggetto presente in camera ha un prezzo definito; \u00e8 possibile consultare la lista alla reception.<\/p>\n\n<h3 style=\"padding-left: 200px;\">SCHEDA RFID<\/h3>\n<p style=\"padding-left: 200px;\">Durante il soggiorno, vi verr\u00e0 consegnata una carta RFID che vi consentir\u00e0 di accedere liberamente alla vostra camera. Se la perdete, dovrete pagare 5 \u20ac per ogni braccialetto.<\/p>\n\n<h3 style=\"padding-left: 200px;\">NUISANCE<\/h3>\n<p style=\"padding-left: 200px;\">Per il rispetto di tutti i residenti, si prega di non sbattere le porte e di non fare rumore eccessivo, soprattutto tra le 21.00 e le 8.00 del mattino. Qualsiasi rumore legato al comportamento di una persona pu\u00f2 comportare l'allontanamento del cliente dalla struttura, senza necessit\u00e0 di misurazioni acustiche, purch\u00e9 il rumore generato sia di natura tale da disturbare la pace e la tranquillit\u00e0 della clientela (art. R.1334-30 e R;1334-31 del Codice di Sanit\u00e0 Pubblica).\r\nLa camera d'albergo \u00e8 per sua natura un luogo di riposo. Qualsiasi commercio \u00e8 formalmente vietato.\r\nQualsiasi soggiorno implica l'accettazione del regolamento interno.<\/p>\n<p style=\"padding-left: 200px;\"><strong>IN CASO DI INOSSERVANZA DA PARTE DELL'OSPITE DI UNA QUALSIASI DI QUESTE DISPOSIZIONI, IL PROPRIETARIO DELL'HOTEL SAR\u00c0 OBBLIGATO AD ALLONTANARE L'OSPITE DALLA STRUTTURA SENZA ALCUN RISARCIMENTO.<\/strong><\/p>","protected":false},"excerpt":{"rendered":"<p>R\u00e8glement int\u00e9rieur ACC\u00c8S AUX CHAMBRES Les chambres sont disponibles \u00e0 partir de 16h00 et doivent \u00eatre lib\u00e9r\u00e9es avant 11h00 le lendemain matin. Attention, en cas de d\u00e9part au-del\u00e0, un late check out vous sera factur\u00e9 (15\u20ac en HOTEL et 10\u20ac [&hellip;]<\/p>\n","protected":false},"author":1,"featured_media":0,"parent":4640,"menu_order":3,"comment_status":"closed","ping_status":"closed","template":"full-width.php","meta":{"footnotes":""},"class_list":["post-3921","page","type-page","status-publish","hentry"],"acf":[],"yoast_head":"<!-- This site is optimized with the Yoast SEO plugin v27.4 - https:\/\/yoast.com\/product\/yoast-seo-wordpress\/ -->\n<title>R\u00e8glement int\u00e9rieur ho36 Lyon Guilloti\u00e8re - HO36 HOSTEL - LYON<\/title>\n<meta name=\"description\" content=\"Pour plus d&#039;informations, nous vous invitons \u00e0 lire le r\u00e9glement int\u00e9rieur de notre h\u00f4tel ho36 Lyon Guilloti\u00e8re.\" \/>\n<meta name=\"robots\" content=\"index, follow, max-snippet:-1, max-image-preview:large, max-video-preview:-1\" \/>\n<link rel=\"canonical\" href=\"https:\/\/ho36lyon.com\/it\/lione-guillotiere\/regolamento-interno-2\/\" \/>\n<meta property=\"og:locale\" content=\"it_IT\" \/>\n<meta property=\"og:type\" content=\"article\" \/>\n<meta property=\"og:title\" content=\"R\u00e8glement int\u00e9rieur ho36 Lyon Guilloti\u00e8re - HO36 HOSTEL - LYON\" \/>\n<meta property=\"og:description\" content=\"Pour plus d&#039;informations, nous vous invitons \u00e0 lire le r\u00e9glement int\u00e9rieur de notre h\u00f4tel ho36 Lyon Guilloti\u00e8re.\" \/>\n<meta property=\"og:url\" content=\"https:\/\/ho36lyon.com\/it\/lione-guillotiere\/regolamento-interno-2\/\" \/>\n<meta property=\"og:site_name\" content=\"HO36 HOSTEL - LYON\" \/>\n<meta property=\"article:modified_time\" content=\"2024-10-08T20:42:46+00:00\" \/>\n<meta name=\"twitter:card\" content=\"summary_large_image\" \/>\n<meta name=\"twitter:label1\" content=\"Tempo di lettura stimato\" \/>\n\t<meta name=\"twitter:data1\" content=\"3 minuti\" \/>\n<script type=\"application\/ld+json\" class=\"yoast-schema-graph\">{\"@context\":\"https:\\\/\\\/schema.org\",\"@graph\":[{\"@type\":\"WebPage\",\"@id\":\"https:\\\/\\\/ho36lyon.com\\\/lyon-guillotiere\\\/reglement-interieur\\\/\",\"url\":\"https:\\\/\\\/ho36lyon.com\\\/lyon-guillotiere\\\/reglement-interieur\\\/\",\"name\":\"R\u00e8glement int\u00e9rieur ho36 Lyon Guilloti\u00e8re - HO36 HOSTEL - LYON\",\"isPartOf\":{\"@id\":\"https:\\\/\\\/ho36lyon.com\\\/#website\"},\"datePublished\":\"2019-04-16T14:01:13+00:00\",\"dateModified\":\"2024-10-08T20:42:46+00:00\",\"description\":\"Pour plus d'informations, nous vous invitons \u00e0 lire le r\u00e9glement int\u00e9rieur de notre h\u00f4tel ho36 Lyon Guilloti\u00e8re.\",\"breadcrumb\":{\"@id\":\"https:\\\/\\\/ho36lyon.com\\\/lyon-guillotiere\\\/reglement-interieur\\\/#breadcrumb\"},\"inLanguage\":\"it-IT\",\"potentialAction\":[{\"@type\":\"ReadAction\",\"target\":[\"https:\\\/\\\/ho36lyon.com\\\/lyon-guillotiere\\\/reglement-interieur\\\/\"]}]},{\"@type\":\"BreadcrumbList\",\"@id\":\"https:\\\/\\\/ho36lyon.com\\\/lyon-guillotiere\\\/reglement-interieur\\\/#breadcrumb\",\"itemListElement\":[{\"@type\":\"ListItem\",\"position\":1,\"name\":\"Accueil\",\"item\":\"https:\\\/\\\/ho36lyon.com\\\/\"},{\"@type\":\"ListItem\",\"position\":2,\"name\":\"HO36 Hostel Lyon &#8211; Site Officiel &#8211; Meilleurs prix\",\"item\":\"https:\\\/\\\/ho36lyon.com\\\/\"},{\"@type\":\"ListItem\",\"position\":3,\"name\":\"R\u00e8glement int\u00e9rieur ho36 Lyon Guilloti\u00e8re\"}]},{\"@type\":\"WebSite\",\"@id\":\"https:\\\/\\\/ho36lyon.com\\\/#website\",\"url\":\"https:\\\/\\\/ho36lyon.com\\\/\",\"name\":\"HO36 HOSTEL - LYON\",\"description\":\"Eat - drink - live - sleep\",\"publisher\":{\"@id\":\"https:\\\/\\\/ho36lyon.com\\\/#organization\"},\"potentialAction\":[{\"@type\":\"SearchAction\",\"target\":{\"@type\":\"EntryPoint\",\"urlTemplate\":\"https:\\\/\\\/ho36lyon.com\\\/?s={search_term_string}\"},\"query-input\":{\"@type\":\"PropertyValueSpecification\",\"valueRequired\":true,\"valueName\":\"search_term_string\"}}],\"inLanguage\":\"it-IT\"},{\"@type\":\"Organization\",\"@id\":\"https:\\\/\\\/ho36lyon.com\\\/#organization\",\"name\":\"ho36\",\"url\":\"https:\\\/\\\/ho36lyon.com\\\/\",\"logo\":{\"@type\":\"ImageObject\",\"inLanguage\":\"it-IT\",\"@id\":\"https:\\\/\\\/ho36lyon.com\\\/#\\\/schema\\\/logo\\\/image\\\/\",\"url\":\"https:\\\/\\\/ho36lyon.com\\\/wp-content\\\/uploads\\\/2022\\\/07\\\/logo-ho36seul-noir.png\",\"contentUrl\":\"https:\\\/\\\/ho36lyon.com\\\/wp-content\\\/uploads\\\/2022\\\/07\\\/logo-ho36seul-noir.png\",\"width\":2916,\"height\":898,\"caption\":\"ho36\"},\"image\":{\"@id\":\"https:\\\/\\\/ho36lyon.com\\\/#\\\/schema\\\/logo\\\/image\\\/\"}}]}<\/script>\n<!-- \/ Yoast SEO plugin. -->","yoast_head_json":{"title":"Regolamento interno ho36 Lione Guilloti\u00e8re - HO36 HOSTEL - LIONE","description":"Per maggiori informazioni, leggete il regolamento del nostro hotel ho36 Lyon Guilloti\u00e8re.","robots":{"index":"index","follow":"follow","max-snippet":"max-snippet:-1","max-image-preview":"max-image-preview:large","max-video-preview":"max-video-preview:-1"},"canonical":"https:\/\/ho36lyon.com\/it\/lione-guillotiere\/regolamento-interno-2\/","og_locale":"it_IT","og_type":"article","og_title":"R\u00e8glement int\u00e9rieur ho36 Lyon Guilloti\u00e8re - HO36 HOSTEL - LYON","og_description":"Pour plus d'informations, nous vous invitons \u00e0 lire le r\u00e9glement int\u00e9rieur de notre h\u00f4tel ho36 Lyon Guilloti\u00e8re.","og_url":"https:\/\/ho36lyon.com\/it\/lione-guillotiere\/regolamento-interno-2\/","og_site_name":"HO36 HOSTEL - LYON","article_modified_time":"2024-10-08T20:42:46+00:00","twitter_card":"summary_large_image","twitter_misc":{"Tempo di lettura stimato":"3 minuti"},"schema":{"@context":"https:\/\/schema.org","@graph":[{"@type":"WebPage","@id":"https:\/\/ho36lyon.com\/lyon-guillotiere\/reglement-interieur\/","url":"https:\/\/ho36lyon.com\/lyon-guillotiere\/reglement-interieur\/","name":"Regolamento interno ho36 Lione Guilloti\u00e8re - HO36 HOSTEL - LIONE","isPartOf":{"@id":"https:\/\/ho36lyon.com\/#website"},"datePublished":"2019-04-16T14:01:13+00:00","dateModified":"2024-10-08T20:42:46+00:00","description":"Per maggiori informazioni, leggete il regolamento del nostro hotel ho36 Lyon Guilloti\u00e8re.","breadcrumb":{"@id":"https:\/\/ho36lyon.com\/lyon-guillotiere\/reglement-interieur\/#breadcrumb"},"inLanguage":"it-IT","potentialAction":[{"@type":"ReadAction","target":["https:\/\/ho36lyon.com\/lyon-guillotiere\/reglement-interieur\/"]}]},{"@type":"BreadcrumbList","@id":"https:\/\/ho36lyon.com\/lyon-guillotiere\/reglement-interieur\/#breadcrumb","itemListElement":[{"@type":"ListItem","position":1,"name":"Accueil","item":"https:\/\/ho36lyon.com\/"},{"@type":"ListItem","position":2,"name":"HO36 Hostel Lyon &#8211; Site Officiel &#8211; Meilleurs prix","item":"https:\/\/ho36lyon.com\/"},{"@type":"ListItem","position":3,"name":"R\u00e8glement int\u00e9rieur ho36 Lyon Guilloti\u00e8re"}]},{"@type":"WebSite","@id":"https:\/\/ho36lyon.com\/#website","url":"https:\/\/ho36lyon.com\/","name":"OSTELLO HO36 - LIONE","description":"Mangiare - bere - vivere - dormire","publisher":{"@id":"https:\/\/ho36lyon.com\/#organization"},"potentialAction":[{"@type":"SearchAction","target":{"@type":"EntryPoint","urlTemplate":"https:\/\/ho36lyon.com\/?s={search_term_string}"},"query-input":{"@type":"PropertyValueSpecification","valueRequired":true,"valueName":"search_term_string"}}],"inLanguage":"it-IT"},{"@type":"Organization","@id":"https:\/\/ho36lyon.com\/#organization","name":"ho36","url":"https:\/\/ho36lyon.com\/","logo":{"@type":"ImageObject","inLanguage":"it-IT","@id":"https:\/\/ho36lyon.com\/#\/schema\/logo\/image\/","url":"https:\/\/ho36lyon.com\/wp-content\/uploads\/2022\/07\/logo-ho36seul-noir.png","contentUrl":"https:\/\/ho36lyon.com\/wp-content\/uploads\/2022\/07\/logo-ho36seul-noir.png","width":2916,"height":898,"caption":"ho36"},"image":{"@id":"https:\/\/ho36lyon.com\/#\/schema\/logo\/image\/"}}]}},"_links":{"self":[{"href":"https:\/\/ho36lyon.com\/it\/wp-json\/wp\/v2\/pages\/3921","targetHints":{"allow":["GET"]}}],"collection":[{"href":"https:\/\/ho36lyon.com\/it\/wp-json\/wp\/v2\/pages"}],"about":[{"href":"https:\/\/ho36lyon.com\/it\/wp-json\/wp\/v2\/types\/page"}],"author":[{"embeddable":true,"href":"https:\/\/ho36lyon.com\/it\/wp-json\/wp\/v2\/users\/1"}],"replies":[{"embeddable":true,"href":"https:\/\/ho36lyon.com\/it\/wp-json\/wp\/v2\/comments?post=3921"}],"version-history":[{"count":4,"href":"https:\/\/ho36lyon.com\/it\/wp-json\/wp\/v2\/pages\/3921\/revisions"}],"predecessor-version":[{"id":15615,"href":"https:\/\/ho36lyon.com\/it\/wp-json\/wp\/v2\/pages\/3921\/revisions\/15615"}],"up":[{"embeddable":true,"href":"https:\/\/ho36lyon.com\/it\/wp-json\/wp\/v2\/pages\/4640"}],"wp:attachment":[{"href":"https:\/\/ho36lyon.com\/it\/wp-json\/wp\/v2\/media?parent=3921"}],"curies":[{"name":"wp","href":"https:\/\/api.w.org\/{rel}","templated":true}]}}