
{"id":3883,"date":"2019-04-16T13:09:25","date_gmt":"2019-04-16T11:09:25","guid":{"rendered":"https:\/\/ho36.com\/?page_id=3883"},"modified":"2026-02-17T14:14:46","modified_gmt":"2026-02-17T13:14:46","slug":"conditions-generales-dutilisation","status":"publish","type":"page","link":"https:\/\/ho36lyon.com\/en\/conditions-generales-dutilisation\/","title":{"rendered":"Terms and conditions of use"},"content":{"rendered":"<h2><b>Terms and conditions of use of the site<\/b><\/h2>\n<h3>ARTICLE 1: Purpose<\/h3>\nThe purpose of these \"general terms of use\" is to provide a legal framework for the use of the http:\/\/hocomnr.cluster023.hosting.ovh.net website and its services.\r\n\r\nThis contract is concluded between :\r\n\r\nThe manager of the website, hereinafter referred to as \"the Publisher\",\r\n\r\nAny natural or legal person wishing to access the website and its services, hereinafter referred to as \"the User\".\r\n\r\nThe general terms and conditions of use must be accepted by every User, and access to the website implies acceptance of these terms and conditions.\n<h3>ARTICLE 2 : Legal notice<\/h3>\nThe https:\/\/ho36lyon.com website is published by ho36 developpement, SAS with a capital of <span style=\"font-size: inherit; font-style: inherit; letter-spacing: inherit;\">85 411,96<\/span>\u20ac, whose head office is located at 7 rue de Chartres, 92200 Neuilly-sur-seine.\r\n\r\nThe company is represented by its president.\n<h3>ARTICLE 3 : Access to services<\/h3>\nAny User with access to the Internet may access the Site free of charge from anywhere. The costs incurred by the User to access the Site (internet connection, computer equipment, etc.) are not the responsibility of the Publisher.\r\n\r\nThe site and its various services may be interrupted or suspended by the Publisher, in particular for maintenance purposes, without any obligation to give prior notice or justification.\n<h3>ARTICLE 4 : Responsibility of the User<\/h3>\nUsers assume full responsibility for their use of the information and content available on the https:\/\/ho36lyon.com website.\r\n\r\nAny use of the service by the User resulting directly or indirectly in damage must be compensated by the site.\n<h3>ARTICLE 5: Responsibility of the Publisher<\/h3>\nThe Publisher shall not be liable for any malfunction of the server or the network.\r\n\r\nSimilarly, the site cannot be held responsible in the event of force majeure or the unforeseeable and insurmountable act of a third party.\r\n\r\nThe site http:\/\/hocomnr.cluster023.hosting.ovh.net undertakes to implement all necessary means to ensure the security and confidentiality of data. However, it does not provide a guarantee of total security.\r\n\r\nThe Editor reserves the right not to guarantee the reliability of the sources, although the information published on the site is deemed reliable.\n<h3>ARTICLE 6 : Intellectual Property<\/h3>\nThe contents of the site https:\/\/ho36hostels.com (logos, texts, graphic elements, videos, etc.) are protected by copyright under the Intellectual Property Code.\r\n\r\nThe User must obtain the authorization of the editor of the site before any reproduction, copy or publication of these various contents.\r\n\r\nThese contents can be used by the users for private purposes; any commercial use is prohibited.\r\n\r\nThe User is entirely responsible for any content he puts online and he commits himself not to harm any third party.\n<h3>ARTICLE 7 : Personal data<\/h3>\nThe electronic address (e-mail) of the user may be used by the site http:\/\/hocomnr.cluster023.hosting.ovh.net for the communication of various information and the management of the account.\r\n\r\nThe site guarantees the respect of the user's private life, in accordance with the law n\u00b078-17 of January 6, 1978 relating to data processing, the files and freedoms.\r\n\r\nUnder Articles 39 and 40 of the law dated January 6, 1978, the User has a right to access, rectify, delete and oppose his personal data. The User exercises this right via :\n<ul>\n \t<li>A contact form;<\/li>\n \t<li>Par mail \u00e0 hello@ho36lyon.com ;<\/li>\n \t<li>By mail to 7 rue de Chartres, 92200 Neuilly-sur-seine.<\/li>\n<\/ul>\n<h3>ARTICLE 8 : Hypertext links<\/h3>\nhttps:\/\/ho36lyon.com is not responsible for the contents of any linked site and has no control over such links.\r\n\r\nIt is possible for a third party to create a link to a page on the https:\/\/ho36lyon.com site without the express authorization of the publisher.\n<h3>ARTICLE 9 : Evolution of the general conditions of use<\/h3>\nThe https:\/\/ho36lyon.com website reserves the right to modify the clauses of these general conditions of use at any time and without justification.\n<h3>ARTICLE 10 : Duration of the contract<\/h3>\nThe duration of this contract is indefinite. The contract is effective for the User as of the beginning of the use of the service.\n<h3>ARTICLE 11: Applicable law and jurisdiction<\/h3>\nThis contract is governed by French law.<span class=\"Apple-converted-space\">\u00a0<\/span>\n\nIn the event of a dispute between the User and the Publisher that cannot be resolved amicably, the courts of Lyon shall have jurisdiction to settle the dispute.","protected":false},"excerpt":{"rendered":"<p>Conditions g\u00e9n\u00e9rales d&rsquo;utilisation du site ARTICLE 1 : Objet Les pr\u00e9sentes \u00ab conditions g\u00e9n\u00e9rales d&rsquo;utilisation \u00bb ont pour objet l&rsquo;encadrement juridique de l\u2019utilisation du site https:\/\/ho36lyon.com et de ses services. Ce contrat est conclu entre : Le g\u00e9rant du site [&hellip;]<\/p>\n","protected":false},"author":1,"featured_media":0,"parent":0,"menu_order":0,"comment_status":"closed","ping_status":"closed","template":"","meta":{"footnotes":""},"class_list":["post-3883","page","type-page","status-publish","hentry"],"acf":[],"yoast_head":"<!-- This site is optimized with the Yoast SEO plugin v27.4 - https:\/\/yoast.com\/product\/yoast-seo-wordpress\/ -->\n<title>Conditions g\u00e9n\u00e9rales d&#039;utilisation - HO36 HOSTEL - LYON<\/title>\n<meta name=\"description\" content=\"Pour plus d&#039;informations, nous vous invitons \u00e0 lire les conditions g\u00e9n\u00e9rales d&#039;utilisation de nos h\u00f4tels ho36.\" \/>\n<meta name=\"robots\" content=\"index, follow, max-snippet:-1, max-image-preview:large, max-video-preview:-1\" \/>\n<link rel=\"canonical\" href=\"https:\/\/ho36lyon.com\/en\/conditions-generales-dutilisation\/\" \/>\n<meta property=\"og:locale\" content=\"en_US\" \/>\n<meta property=\"og:type\" content=\"article\" \/>\n<meta property=\"og:title\" content=\"Conditions g\u00e9n\u00e9rales d&#039;utilisation - HO36 HOSTEL - LYON\" \/>\n<meta property=\"og:description\" content=\"Pour plus d&#039;informations, nous vous invitons \u00e0 lire les conditions g\u00e9n\u00e9rales d&#039;utilisation de nos h\u00f4tels ho36.\" \/>\n<meta property=\"og:url\" content=\"https:\/\/ho36lyon.com\/en\/conditions-generales-dutilisation\/\" \/>\n<meta property=\"og:site_name\" content=\"HO36 HOSTEL - LYON\" \/>\n<meta property=\"article:modified_time\" content=\"2026-02-17T13:14:46+00:00\" \/>\n<meta name=\"twitter:card\" content=\"summary_large_image\" \/>\n<meta name=\"twitter:label1\" content=\"Est. reading time\" \/>\n\t<meta name=\"twitter:data1\" content=\"4 minutes\" \/>\n<script type=\"application\/ld+json\" class=\"yoast-schema-graph\">{\"@context\":\"https:\\\/\\\/schema.org\",\"@graph\":[{\"@type\":\"WebPage\",\"@id\":\"https:\\\/\\\/ho36lyon.com\\\/conditions-generales-dutilisation\\\/\",\"url\":\"https:\\\/\\\/ho36lyon.com\\\/conditions-generales-dutilisation\\\/\",\"name\":\"Conditions g\u00e9n\u00e9rales d'utilisation - HO36 HOSTEL - LYON\",\"isPartOf\":{\"@id\":\"https:\\\/\\\/ho36lyon.com\\\/#website\"},\"datePublished\":\"2019-04-16T11:09:25+00:00\",\"dateModified\":\"2026-02-17T13:14:46+00:00\",\"description\":\"Pour plus d'informations, nous vous invitons \u00e0 lire les conditions g\u00e9n\u00e9rales d'utilisation de nos h\u00f4tels ho36.\",\"breadcrumb\":{\"@id\":\"https:\\\/\\\/ho36lyon.com\\\/conditions-generales-dutilisation\\\/#breadcrumb\"},\"inLanguage\":\"en-US\",\"potentialAction\":[{\"@type\":\"ReadAction\",\"target\":[\"https:\\\/\\\/ho36lyon.com\\\/conditions-generales-dutilisation\\\/\"]}]},{\"@type\":\"BreadcrumbList\",\"@id\":\"https:\\\/\\\/ho36lyon.com\\\/conditions-generales-dutilisation\\\/#breadcrumb\",\"itemListElement\":[{\"@type\":\"ListItem\",\"position\":1,\"name\":\"Accueil\",\"item\":\"https:\\\/\\\/ho36lyon.com\\\/\"},{\"@type\":\"ListItem\",\"position\":2,\"name\":\"Conditions g\u00e9n\u00e9rales d&rsquo;utilisation\"}]},{\"@type\":\"WebSite\",\"@id\":\"https:\\\/\\\/ho36lyon.com\\\/#website\",\"url\":\"https:\\\/\\\/ho36lyon.com\\\/\",\"name\":\"HO36 HOSTEL - LYON\",\"description\":\"Eat - drink - live - sleep\",\"publisher\":{\"@id\":\"https:\\\/\\\/ho36lyon.com\\\/#organization\"},\"potentialAction\":[{\"@type\":\"SearchAction\",\"target\":{\"@type\":\"EntryPoint\",\"urlTemplate\":\"https:\\\/\\\/ho36lyon.com\\\/?s={search_term_string}\"},\"query-input\":{\"@type\":\"PropertyValueSpecification\",\"valueRequired\":true,\"valueName\":\"search_term_string\"}}],\"inLanguage\":\"en-US\"},{\"@type\":\"Organization\",\"@id\":\"https:\\\/\\\/ho36lyon.com\\\/#organization\",\"name\":\"ho36\",\"url\":\"https:\\\/\\\/ho36lyon.com\\\/\",\"logo\":{\"@type\":\"ImageObject\",\"inLanguage\":\"en-US\",\"@id\":\"https:\\\/\\\/ho36lyon.com\\\/#\\\/schema\\\/logo\\\/image\\\/\",\"url\":\"https:\\\/\\\/ho36lyon.com\\\/wp-content\\\/uploads\\\/2022\\\/07\\\/logo-ho36seul-noir.png\",\"contentUrl\":\"https:\\\/\\\/ho36lyon.com\\\/wp-content\\\/uploads\\\/2022\\\/07\\\/logo-ho36seul-noir.png\",\"width\":2916,\"height\":898,\"caption\":\"ho36\"},\"image\":{\"@id\":\"https:\\\/\\\/ho36lyon.com\\\/#\\\/schema\\\/logo\\\/image\\\/\"}}]}<\/script>\n<!-- \/ Yoast SEO plugin. -->","yoast_head_json":{"title":"Terms and conditions of use - HO36 HOSTEL - LYON","description":"For more information, please read the general terms and conditions of use for our ho36 hotels.","robots":{"index":"index","follow":"follow","max-snippet":"max-snippet:-1","max-image-preview":"max-image-preview:large","max-video-preview":"max-video-preview:-1"},"canonical":"https:\/\/ho36lyon.com\/en\/conditions-generales-dutilisation\/","og_locale":"en_US","og_type":"article","og_title":"Conditions g\u00e9n\u00e9rales d'utilisation - HO36 HOSTEL - LYON","og_description":"Pour plus d'informations, nous vous invitons \u00e0 lire les conditions g\u00e9n\u00e9rales d'utilisation de nos h\u00f4tels ho36.","og_url":"https:\/\/ho36lyon.com\/en\/conditions-generales-dutilisation\/","og_site_name":"HO36 HOSTEL - LYON","article_modified_time":"2026-02-17T13:14:46+00:00","twitter_card":"summary_large_image","twitter_misc":{"Est. reading time":"4 minutes"},"schema":{"@context":"https:\/\/schema.org","@graph":[{"@type":"WebPage","@id":"https:\/\/ho36lyon.com\/conditions-generales-dutilisation\/","url":"https:\/\/ho36lyon.com\/conditions-generales-dutilisation\/","name":"Terms and conditions of use - HO36 HOSTEL - LYON","isPartOf":{"@id":"https:\/\/ho36lyon.com\/#website"},"datePublished":"2019-04-16T11:09:25+00:00","dateModified":"2026-02-17T13:14:46+00:00","description":"For more information, please read the general terms and conditions of use for our ho36 hotels.","breadcrumb":{"@id":"https:\/\/ho36lyon.com\/conditions-generales-dutilisation\/#breadcrumb"},"inLanguage":"en-US","potentialAction":[{"@type":"ReadAction","target":["https:\/\/ho36lyon.com\/conditions-generales-dutilisation\/"]}]},{"@type":"BreadcrumbList","@id":"https:\/\/ho36lyon.com\/conditions-generales-dutilisation\/#breadcrumb","itemListElement":[{"@type":"ListItem","position":1,"name":"Accueil","item":"https:\/\/ho36lyon.com\/"},{"@type":"ListItem","position":2,"name":"Conditions g\u00e9n\u00e9rales d&rsquo;utilisation"}]},{"@type":"WebSite","@id":"https:\/\/ho36lyon.com\/#website","url":"https:\/\/ho36lyon.com\/","name":"HO36 HOSTEL - LYON","description":"Eat - drink - live - sleep","publisher":{"@id":"https:\/\/ho36lyon.com\/#organization"},"potentialAction":[{"@type":"SearchAction","target":{"@type":"EntryPoint","urlTemplate":"https:\/\/ho36lyon.com\/?s={search_term_string}"},"query-input":{"@type":"PropertyValueSpecification","valueRequired":true,"valueName":"search_term_string"}}],"inLanguage":"en-US"},{"@type":"Organization","@id":"https:\/\/ho36lyon.com\/#organization","name":"ho36","url":"https:\/\/ho36lyon.com\/","logo":{"@type":"ImageObject","inLanguage":"en-US","@id":"https:\/\/ho36lyon.com\/#\/schema\/logo\/image\/","url":"https:\/\/ho36lyon.com\/wp-content\/uploads\/2022\/07\/logo-ho36seul-noir.png","contentUrl":"https:\/\/ho36lyon.com\/wp-content\/uploads\/2022\/07\/logo-ho36seul-noir.png","width":2916,"height":898,"caption":"ho36"},"image":{"@id":"https:\/\/ho36lyon.com\/#\/schema\/logo\/image\/"}}]}},"_links":{"self":[{"href":"https:\/\/ho36lyon.com\/en\/wp-json\/wp\/v2\/pages\/3883","targetHints":{"allow":["GET"]}}],"collection":[{"href":"https:\/\/ho36lyon.com\/en\/wp-json\/wp\/v2\/pages"}],"about":[{"href":"https:\/\/ho36lyon.com\/en\/wp-json\/wp\/v2\/types\/page"}],"author":[{"embeddable":true,"href":"https:\/\/ho36lyon.com\/en\/wp-json\/wp\/v2\/users\/1"}],"replies":[{"embeddable":true,"href":"https:\/\/ho36lyon.com\/en\/wp-json\/wp\/v2\/comments?post=3883"}],"version-history":[{"count":3,"href":"https:\/\/ho36lyon.com\/en\/wp-json\/wp\/v2\/pages\/3883\/revisions"}],"predecessor-version":[{"id":15716,"href":"https:\/\/ho36lyon.com\/en\/wp-json\/wp\/v2\/pages\/3883\/revisions\/15716"}],"wp:attachment":[{"href":"https:\/\/ho36lyon.com\/en\/wp-json\/wp\/v2\/media?parent=3883"}],"curies":[{"name":"wp","href":"https:\/\/api.w.org\/{rel}","templated":true}]}}